{"id":20462,"date":"2025-05-05T11:00:43","date_gmt":"2025-05-05T11:00:43","guid":{"rendered":"https:\/\/mobecor.ee\/?post_type=product&#038;p=20462"},"modified":"2026-04-07T12:45:12","modified_gmt":"2026-04-07T09:45:12","slug":"sokkel-lora-200-cm","status":"publish","type":"product","link":"https:\/\/mobecor.ee\/en\/toode\/sokkel-lora-200-cm\/","title":{"rendered":"Sokkel Lora\/Vella\/Campari\/Blanka 200 cm"},"content":{"rendered":"<p><span lang=\"et-EE\">Materjal: lamineeritud m\u00f6\u00f6bliplaat.<br \/>\n<\/span><span lang=\"et-EE\">V\u00e4rvivalik: valge; helehall; hall; must; kaszmir.<br \/>\n<\/span><span lang=\"et-EE\">K\u00f5rgus: 10 cm v\u00f5i 15 cm.<br \/>\n<\/span><span lang=\"et-EE\">Tarneaeg: 4-8 n\u00e4dalat.<br \/>\n<\/span><span lang=\"et-EE\">Toodetud: Poolas.<\/span><\/p>\n","protected":false},"excerpt":{"rendered":"<p>Materjal: lamineeritud m\u00f6\u00f6bliplaat. V\u00e4rvivalik: valge; helehall; hall; must; kaszmir. K\u00f5rgus: 10 cm v\u00f5i 15 cm. Tarneaeg: 4-8 n\u00e4dalat. Toodetud: Poolas.<\/p>\n","protected":false},"featured_media":11814,"template":"","meta":{"_acf_changed":false,"inline_featured_image":false},"series":[],"product_brand":[2953],"product_cat":[346,397],"product_tag":[],"class_list":{"0":"post-20462","1":"product","2":"type-product","3":"status-publish","4":"has-post-thumbnail","6":"product_brand-layman","7":"product_cat-lora-porandakapid","8":"product_cat-lora-korged-kapid","10":"first","11":"instock","12":"taxable","13":"shipping-taxable","14":"purchasable","15":"product-type-variable"},"acf":[],"_links":{"self":[{"href":"https:\/\/mobecor.ee\/en\/wp-json\/wp\/v2\/product\/20462","targetHints":{"allow":["GET"]}}],"collection":[{"href":"https:\/\/mobecor.ee\/en\/wp-json\/wp\/v2\/product"}],"about":[{"href":"https:\/\/mobecor.ee\/en\/wp-json\/wp\/v2\/types\/product"}],"wp:featuredmedia":[{"embeddable":true,"href":"https:\/\/mobecor.ee\/en\/wp-json\/wp\/v2\/media\/11814"}],"wp:attachment":[{"href":"https:\/\/mobecor.ee\/en\/wp-json\/wp\/v2\/media?parent=20462"}],"wp:term":[{"taxonomy":"series","embeddable":true,"href":"https:\/\/mobecor.ee\/en\/wp-json\/wp\/v2\/series?post=20462"},{"taxonomy":"product_brand","embeddable":true,"href":"https:\/\/mobecor.ee\/en\/wp-json\/wp\/v2\/product_brand?post=20462"},{"taxonomy":"product_cat","embeddable":true,"href":"https:\/\/mobecor.ee\/en\/wp-json\/wp\/v2\/product_cat?post=20462"},{"taxonomy":"product_tag","embeddable":true,"href":"https:\/\/mobecor.ee\/en\/wp-json\/wp\/v2\/product_tag?post=20462"}],"curies":[{"name":"wp","href":"https:\/\/api.w.org\/{rel}","templated":true}]}}