{"id":20466,"date":"2025-05-05T11:01:01","date_gmt":"2025-05-05T11:01:01","guid":{"rendered":"https:\/\/mobecor.ee\/?post_type=product&#038;p=20466"},"modified":"2026-01-09T09:22:13","modified_gmt":"2026-01-09T07:22:13","slug":"tootool-mauro","status":"publish","type":"product","link":"https:\/\/mobecor.ee\/en\/toode\/tootool-mauro\/","title":{"rendered":"T\u00f6\u00f6tool Mauro"},"content":{"rendered":"<p>Toolil on reguleeritava k\u00f5rgusega iste.<br \/>\nTooli iste\u00a0ja seljatugi on kaetud v\u00f5rkkangaga.<br \/>\nV\u00e4rv: must\/hall.<br \/>\nMehhanism: tilt.<br \/>\nToodetud: Poolas.<br \/>\nVajab kokku monteerimist.<span style=\"line-height: 1.3em; font-size: 10pt;\"><br \/>\n<\/span><\/p>\n","protected":false},"excerpt":{"rendered":"<p>Laius:\u00a057 cm.<br \/>\nS\u00fcgavus:\u00a056 cm.<br \/>\nK\u00f5rgus:\u00a091-100 cm.<br \/>\nIstumisk\u00f5rgus: 42-51 cm.<br \/>\nMaximaalne kandev\u00f5ime: 100 kg.<br \/>\nTarneaeg: 4-8 n\u00e4dalat.<\/p>\n","protected":false},"featured_media":11822,"template":"","meta":{"_acf_changed":false,"inline_featured_image":false},"series":[],"product_brand":[2942],"product_cat":[95],"product_tag":[],"class_list":{"0":"post-20466","1":"product","2":"type-product","3":"status-publish","4":"has-post-thumbnail","6":"product_brand-halmar","7":"product_cat-tootoolid","9":"first","10":"instock","11":"taxable","12":"shipping-taxable","13":"purchasable","14":"product-type-simple"},"acf":[],"_links":{"self":[{"href":"https:\/\/mobecor.ee\/en\/wp-json\/wp\/v2\/product\/20466","targetHints":{"allow":["GET"]}}],"collection":[{"href":"https:\/\/mobecor.ee\/en\/wp-json\/wp\/v2\/product"}],"about":[{"href":"https:\/\/mobecor.ee\/en\/wp-json\/wp\/v2\/types\/product"}],"wp:featuredmedia":[{"embeddable":true,"href":"https:\/\/mobecor.ee\/en\/wp-json\/wp\/v2\/media\/11822"}],"wp:attachment":[{"href":"https:\/\/mobecor.ee\/en\/wp-json\/wp\/v2\/media?parent=20466"}],"wp:term":[{"taxonomy":"series","embeddable":true,"href":"https:\/\/mobecor.ee\/en\/wp-json\/wp\/v2\/series?post=20466"},{"taxonomy":"product_brand","embeddable":true,"href":"https:\/\/mobecor.ee\/en\/wp-json\/wp\/v2\/product_brand?post=20466"},{"taxonomy":"product_cat","embeddable":true,"href":"https:\/\/mobecor.ee\/en\/wp-json\/wp\/v2\/product_cat?post=20466"},{"taxonomy":"product_tag","embeddable":true,"href":"https:\/\/mobecor.ee\/en\/wp-json\/wp\/v2\/product_tag?post=20466"}],"curies":[{"name":"wp","href":"https:\/\/api.w.org\/{rel}","templated":true}]}}