{"id":20524,"date":"2025-05-05T11:05:15","date_gmt":"2025-05-05T11:05:15","guid":{"rendered":"https:\/\/mobecor.ee\/?post_type=product&#038;p=20524"},"modified":"2026-01-20T15:33:43","modified_gmt":"2026-01-20T13:33:43","slug":"voodi-ate-at15-160s-p-160-200","status":"publish","type":"product","link":"https:\/\/mobecor.ee\/en\/toode\/voodi-ate-at15-160s-p-160-200\/","title":{"rendered":"Voodi Ate AT15\/160S.P. (160*200)"},"content":{"rendered":"<p>Voodil on mehhanismiga \u00fclest\u00f5stetav voodip\u00f5hi ja selle all mahukas pesukast.<br \/>\nVoodile sobib madrats m\u00f5\u00f5tudes 160 x 200 cm.<br \/>\nMadrats ei kuulu komplekti.<br \/>\nVoodi peats on kaetud kangaga Amor Velvet 4322 (must), pehmenduseks on poroloon.<br \/>\nVoodi karkass on valmistatud\u00a016 mm paksusest lamineeritud puitlaastplaadist.<br \/>\nPlastikust jalad ilma reguleerimiseta (12 cm).<br \/>\nV\u00e4rv: kivitamm + must.<br \/>\nToodetud: Poolas.<br \/>\nToode tarnitakse detailidena.<span style=\"line-height: 1.3em; font-size: 10pt;\"><br \/>\n<\/span><\/p>\n","protected":false},"excerpt":{"rendered":"<p>Laius:\u00a0168 cm.<br \/>\nS\u00fcgavus:\u00a0220 cm.<br \/>\nK\u00f5rgus:\u00a0106 cm.<br \/>\nTarneaeg: 4-8 n\u00e4dalat.<\/p>\n","protected":false},"featured_media":11562,"template":"","meta":{"_acf_changed":false,"inline_featured_image":false},"series":[2719],"product_brand":[2945],"product_cat":[4016],"product_tag":[],"class_list":{"0":"post-20524","1":"product","2":"type-product","3":"status-publish","4":"has-post-thumbnail","6":"series-ate","7":"product_brand-liveo","8":"product_cat-voodid-160-x-200","10":"first","11":"instock","12":"taxable","13":"shipping-taxable","14":"purchasable","15":"product-type-simple"},"acf":[],"_links":{"self":[{"href":"https:\/\/mobecor.ee\/en\/wp-json\/wp\/v2\/product\/20524","targetHints":{"allow":["GET"]}}],"collection":[{"href":"https:\/\/mobecor.ee\/en\/wp-json\/wp\/v2\/product"}],"about":[{"href":"https:\/\/mobecor.ee\/en\/wp-json\/wp\/v2\/types\/product"}],"wp:featuredmedia":[{"embeddable":true,"href":"https:\/\/mobecor.ee\/en\/wp-json\/wp\/v2\/media\/11562"}],"wp:attachment":[{"href":"https:\/\/mobecor.ee\/en\/wp-json\/wp\/v2\/media?parent=20524"}],"wp:term":[{"taxonomy":"series","embeddable":true,"href":"https:\/\/mobecor.ee\/en\/wp-json\/wp\/v2\/series?post=20524"},{"taxonomy":"product_brand","embeddable":true,"href":"https:\/\/mobecor.ee\/en\/wp-json\/wp\/v2\/product_brand?post=20524"},{"taxonomy":"product_cat","embeddable":true,"href":"https:\/\/mobecor.ee\/en\/wp-json\/wp\/v2\/product_cat?post=20524"},{"taxonomy":"product_tag","embeddable":true,"href":"https:\/\/mobecor.ee\/en\/wp-json\/wp\/v2\/product_tag?post=20524"}],"curies":[{"name":"wp","href":"https:\/\/api.w.org\/{rel}","templated":true}]}}