{"id":20554,"date":"2025-05-05T11:06:59","date_gmt":"2025-05-05T11:06:59","guid":{"rendered":"https:\/\/mobecor.ee\/?post_type=product&#038;p=20554"},"modified":"2026-03-05T14:11:27","modified_gmt":"2026-03-05T12:11:27","slug":"soogilaud-luna-o90","status":"publish","type":"product","link":"https:\/\/mobecor.ee\/en\/toode\/soogilaud-luna-o90\/","title":{"rendered":"S\u00f6\u00f6gilaud Luna (\u00d890) tamm"},"content":{"rendered":"<p>Lauaplaat: lamineeritud plaat.<br \/>\nLauaplaadi v\u00e4rv: tamm.<br \/>\nLauaraam: metallist, v\u00e4rv: must.<br \/>\nLauaplaadi l\u00e4bim\u00f5\u00f5t: 90 cm.<br \/>\nK\u00f5rgus:\u00a076 cm.<br \/>\nToodetud: Poolas.<br \/>\nTarneaeg: 4-8 n\u00e4dalat.<span style=\"line-height: 1.3em; font-size: 10pt;\"><br \/>\n<\/span><\/p>\n","protected":false},"excerpt":{"rendered":"<p>Lauaplaat: lamineeritud plaat. Lauaplaadi v\u00e4rv: tamm. Lauaraam: metallist, v\u00e4rv: must. Lauaplaadi l\u00e4bim\u00f5\u00f5t: 90 cm. K\u00f5rgus:\u00a076 cm. Toodetud: Poolas. Tarneaeg: 4-8&#8230;<\/p>\n","protected":false},"featured_media":11614,"template":"","meta":{"_acf_changed":false,"inline_featured_image":false},"series":[],"product_brand":[3520],"product_cat":[219],"product_tag":[],"class_list":{"0":"post-20554","1":"product","2":"type-product","3":"status-publish","4":"has-post-thumbnail","6":"product_brand-signal","7":"product_cat-soogilauad","9":"first","10":"instock","11":"taxable","12":"shipping-taxable","13":"purchasable","14":"product-type-simple"},"acf":[],"_links":{"self":[{"href":"https:\/\/mobecor.ee\/en\/wp-json\/wp\/v2\/product\/20554","targetHints":{"allow":["GET"]}}],"collection":[{"href":"https:\/\/mobecor.ee\/en\/wp-json\/wp\/v2\/product"}],"about":[{"href":"https:\/\/mobecor.ee\/en\/wp-json\/wp\/v2\/types\/product"}],"wp:featuredmedia":[{"embeddable":true,"href":"https:\/\/mobecor.ee\/en\/wp-json\/wp\/v2\/media\/11614"}],"wp:attachment":[{"href":"https:\/\/mobecor.ee\/en\/wp-json\/wp\/v2\/media?parent=20554"}],"wp:term":[{"taxonomy":"series","embeddable":true,"href":"https:\/\/mobecor.ee\/en\/wp-json\/wp\/v2\/series?post=20554"},{"taxonomy":"product_brand","embeddable":true,"href":"https:\/\/mobecor.ee\/en\/wp-json\/wp\/v2\/product_brand?post=20554"},{"taxonomy":"product_cat","embeddable":true,"href":"https:\/\/mobecor.ee\/en\/wp-json\/wp\/v2\/product_cat?post=20554"},{"taxonomy":"product_tag","embeddable":true,"href":"https:\/\/mobecor.ee\/en\/wp-json\/wp\/v2\/product_tag?post=20554"}],"curies":[{"name":"wp","href":"https:\/\/api.w.org\/{rel}","templated":true}]}}