{"id":20562,"date":"2025-05-05T11:07:29","date_gmt":"2025-05-05T11:07:29","guid":{"rendered":"https:\/\/mobecor.ee\/?post_type=product&#038;p=20562"},"modified":"2026-01-09T11:37:30","modified_gmt":"2026-01-09T09:37:30","slug":"laud-raymond-2-o-100","status":"publish","type":"product","link":"https:\/\/mobecor.ee\/en\/toode\/laud-raymond-2-o-100\/","title":{"rendered":"Laud Raymond 2 (\u00f8 100)"},"content":{"rendered":"<p>Lauaplaat &#8211; tugevast klaasist.<br \/>\nV\u00e4rvivalik: must marmor; valge marmor.<br \/>\nJalad &#8211; kuldset v\u00e4rvi metallist.<br \/>\nToodetud: Poolas.<br \/>\nVajab kokku monteerimist.<br \/>\n<span style=\"line-height: 1.3em; font-size: 10pt;\"><br \/>\n<\/span><\/p>\n","protected":false},"excerpt":{"rendered":"<p>Lauaplaadi l\u00e4bim\u00f5\u00f5t:\u00a0100 cm.<br \/>\nK\u00f5rgus:\u00a075\u00a0cm.<br \/>\nTarneaeg: 4-8 n\u00e4dalat.<br \/>\nNB! Pildil olevad toolid K-517 ei kuulu hinna sisse.<\/p>\n","protected":false},"featured_media":11630,"template":"","meta":{"_acf_changed":false,"inline_featured_image":false},"series":[],"product_brand":[2942],"product_cat":[219],"product_tag":[],"class_list":{"0":"post-20562","1":"product","2":"type-product","3":"status-publish","4":"has-post-thumbnail","6":"product_brand-halmar","7":"product_cat-soogilauad","9":"first","10":"instock","11":"taxable","12":"shipping-taxable","13":"purchasable","14":"product-type-simple"},"acf":[],"_links":{"self":[{"href":"https:\/\/mobecor.ee\/en\/wp-json\/wp\/v2\/product\/20562","targetHints":{"allow":["GET"]}}],"collection":[{"href":"https:\/\/mobecor.ee\/en\/wp-json\/wp\/v2\/product"}],"about":[{"href":"https:\/\/mobecor.ee\/en\/wp-json\/wp\/v2\/types\/product"}],"wp:featuredmedia":[{"embeddable":true,"href":"https:\/\/mobecor.ee\/en\/wp-json\/wp\/v2\/media\/11630"}],"wp:attachment":[{"href":"https:\/\/mobecor.ee\/en\/wp-json\/wp\/v2\/media?parent=20562"}],"wp:term":[{"taxonomy":"series","embeddable":true,"href":"https:\/\/mobecor.ee\/en\/wp-json\/wp\/v2\/series?post=20562"},{"taxonomy":"product_brand","embeddable":true,"href":"https:\/\/mobecor.ee\/en\/wp-json\/wp\/v2\/product_brand?post=20562"},{"taxonomy":"product_cat","embeddable":true,"href":"https:\/\/mobecor.ee\/en\/wp-json\/wp\/v2\/product_cat?post=20562"},{"taxonomy":"product_tag","embeddable":true,"href":"https:\/\/mobecor.ee\/en\/wp-json\/wp\/v2\/product_tag?post=20562"}],"curies":[{"name":"wp","href":"https:\/\/api.w.org\/{rel}","templated":true}]}}