{"id":20591,"date":"2025-05-05T11:08:24","date_gmt":"2025-05-05T11:08:24","guid":{"rendered":"https:\/\/mobecor.ee\/?post_type=product&#038;p=20591"},"modified":"2026-04-17T08:03:41","modified_gmt":"2026-04-17T05:03:41","slug":"nurgadiivanvoodi-marta-295","status":"publish","type":"product","link":"https:\/\/mobecor.ee\/en\/toode\/nurgadiivanvoodi-marta-295\/","title":{"rendered":"Nurgadiivanvoodi Marta (295) kangas 0 gr."},"content":{"rendered":"<p>Karkass on valmistatud oksavabast kuivast kodumaisest okaspuidust, lisaks on kasutatud kasevineeri ja puitkiudplaati.<br \/>\nIstmes on kasutatud sik- sak vedrustust.<br \/>\nIstme padjad on poroloonist mis on kaetud pehme vatiiniga.<br \/>\nSeljatoe padjad on t\u00e4idetud porooni seguga.<br \/>\nDekoratiivpadjad ei kuulu komplekti.<br \/>\nDiivani tagak\u00fclg on viimistletud, saab paigutada keset tuba.<br \/>\nJalad: plastikust.<span style=\"font-size: 10pt; line-height: 1.3em;\"><br \/>\n<\/span><\/p>\n","protected":false},"excerpt":{"rendered":"<p>Laius:\u00a0295 cm.<br \/>\nS\u00fcgavus:\u00a0165 cm.<br \/>\nK\u00f5rgus:\u00a088 cm.<br \/>\nMagamiskoht:\u00a0140 x 260 cm.<br \/>\nJalgade k\u00f5rgus on 2,5 cm.<br \/>\nTarneaeg: 4-8 n\u00e4dalat.<br \/>\nSuuremat kangavalikut n\u00e4eb Mobecori m\u00f6\u00f6blipoes V\u00f5rus.<\/p>\n","protected":false},"featured_media":11504,"template":"","meta":{"_acf_changed":false,"inline_featured_image":false},"series":[],"product_brand":[3505],"product_cat":[213],"product_tag":[],"class_list":{"0":"post-20591","1":"product","2":"type-product","3":"status-publish","4":"has-post-thumbnail","6":"product_brand-empak","7":"product_cat-nurgadiivanid","9":"first","10":"instock","11":"taxable","12":"shipping-taxable","13":"purchasable","14":"product-type-simple"},"acf":[],"_links":{"self":[{"href":"https:\/\/mobecor.ee\/en\/wp-json\/wp\/v2\/product\/20591","targetHints":{"allow":["GET"]}}],"collection":[{"href":"https:\/\/mobecor.ee\/en\/wp-json\/wp\/v2\/product"}],"about":[{"href":"https:\/\/mobecor.ee\/en\/wp-json\/wp\/v2\/types\/product"}],"wp:featuredmedia":[{"embeddable":true,"href":"https:\/\/mobecor.ee\/en\/wp-json\/wp\/v2\/media\/11504"}],"wp:attachment":[{"href":"https:\/\/mobecor.ee\/en\/wp-json\/wp\/v2\/media?parent=20591"}],"wp:term":[{"taxonomy":"series","embeddable":true,"href":"https:\/\/mobecor.ee\/en\/wp-json\/wp\/v2\/series?post=20591"},{"taxonomy":"product_brand","embeddable":true,"href":"https:\/\/mobecor.ee\/en\/wp-json\/wp\/v2\/product_brand?post=20591"},{"taxonomy":"product_cat","embeddable":true,"href":"https:\/\/mobecor.ee\/en\/wp-json\/wp\/v2\/product_cat?post=20591"},{"taxonomy":"product_tag","embeddable":true,"href":"https:\/\/mobecor.ee\/en\/wp-json\/wp\/v2\/product_tag?post=20591"}],"curies":[{"name":"wp","href":"https:\/\/api.w.org\/{rel}","templated":true}]}}