{"id":20592,"date":"2025-05-05T11:08:25","date_gmt":"2025-05-05T11:08:25","guid":{"rendered":"https:\/\/mobecor.ee\/?post_type=product&#038;p=20592"},"modified":"2026-04-17T08:03:22","modified_gmt":"2026-04-17T05:03:22","slug":"nurgadiivanvoodi-renate-2na-240","status":"publish","type":"product","link":"https:\/\/mobecor.ee\/en\/toode\/nurgadiivanvoodi-renate-2na-240\/","title":{"rendered":"Nurgadiivanvoodi Renate 2NA (240) kangas 0 gr."},"content":{"rendered":"<p>Nurgadiivanvoodi karkass on valmistatud oksavabast kuivast kodumaisest okaspuidust, lisaks on kasutatud kasevineeri ja puitkiudplaati.<br \/>\nIstmes on kasutatud sik- sak vedrustust.<br \/>\nIstme padjad on poroloonist mis on kaetud pehme vatiiniga.<br \/>\nSeljatoe padjad on t\u00e4idetud porooni seguga.<br \/>\nTagak\u00fclg on viimistletud, saab paigutada keset tuba.<br \/>\nNurgadiivanvoodil on mahukas pesukast.<br \/>\nV\u00f5imalik valida 4 erineva k\u00e4etoe vahel.<span style=\"font-size: 10pt; line-height: 1.3em;\"><br \/>\n<\/span><\/p>\n","protected":false},"excerpt":{"rendered":"<p>Laius:\u00a0240 cm.<br \/>\nS\u00fcgavus: 215 cm.<br \/>\nK\u00f5rgus:\u00a088 cm.<br \/>\nMagamiskoht:\u00a0140 x 200 cm.<br \/>\nTreitud puidust jalad k\u00f5rgusega 11,5 cm.<br \/>\nTarneaeg: 4-8 n\u00e4dalat.<br \/>\nSuuremat kangavalikut n\u00e4eb Mobecori m\u00f6\u00f6blipoes V\u00f5rus.<\/p>\n","protected":false},"featured_media":11506,"template":"","meta":{"_acf_changed":false,"inline_featured_image":false},"series":[],"product_brand":[3505],"product_cat":[213],"product_tag":[],"class_list":{"0":"post-20592","1":"product","2":"type-product","3":"status-publish","4":"has-post-thumbnail","6":"product_brand-empak","7":"product_cat-nurgadiivanid","9":"first","10":"instock","11":"taxable","12":"shipping-taxable","13":"purchasable","14":"product-type-simple"},"acf":[],"_links":{"self":[{"href":"https:\/\/mobecor.ee\/en\/wp-json\/wp\/v2\/product\/20592","targetHints":{"allow":["GET"]}}],"collection":[{"href":"https:\/\/mobecor.ee\/en\/wp-json\/wp\/v2\/product"}],"about":[{"href":"https:\/\/mobecor.ee\/en\/wp-json\/wp\/v2\/types\/product"}],"wp:featuredmedia":[{"embeddable":true,"href":"https:\/\/mobecor.ee\/en\/wp-json\/wp\/v2\/media\/11506"}],"wp:attachment":[{"href":"https:\/\/mobecor.ee\/en\/wp-json\/wp\/v2\/media?parent=20592"}],"wp:term":[{"taxonomy":"series","embeddable":true,"href":"https:\/\/mobecor.ee\/en\/wp-json\/wp\/v2\/series?post=20592"},{"taxonomy":"product_brand","embeddable":true,"href":"https:\/\/mobecor.ee\/en\/wp-json\/wp\/v2\/product_brand?post=20592"},{"taxonomy":"product_cat","embeddable":true,"href":"https:\/\/mobecor.ee\/en\/wp-json\/wp\/v2\/product_cat?post=20592"},{"taxonomy":"product_tag","embeddable":true,"href":"https:\/\/mobecor.ee\/en\/wp-json\/wp\/v2\/product_tag?post=20592"}],"curies":[{"name":"wp","href":"https:\/\/api.w.org\/{rel}","templated":true}]}}