{"id":20594,"date":"2025-05-05T11:08:27","date_gmt":"2025-05-05T11:08:27","guid":{"rendered":"https:\/\/mobecor.ee\/?post_type=product&#038;p=20594"},"modified":"2026-04-21T10:27:08","modified_gmt":"2026-04-21T07:27:08","slug":"tugitoolvoodi-anna-94","status":"publish","type":"product","link":"https:\/\/mobecor.ee\/en\/toode\/tugitoolvoodi-anna-94\/","title":{"rendered":"Tugitoolvoodi Anna 1-ne (94) kangas 0 gr."},"content":{"rendered":"<p>Karkass on valmistatud oksavabast kuivast kodumaisest okaspuidust, lisaks on kasutatud kasevineeri ja puitkiudplaati.<br \/>\nIstmes on kasutatud sik- sak vedrustust.<br \/>\nIste ja seljatugi on poroloonist, kaetud vatiiniga.<br \/>\nTagak\u00fclg on viimistletud, saab paigutada keset tuba.<br \/>\nIgap\u00e4evaseks magamisosa kasutamiseks soovitame kasutada kattemadratsit.<span style=\"font-size: 10pt; line-height: 1.3em;\"><br \/>\n<\/span><\/p>\n","protected":false},"excerpt":{"rendered":"<p>Laius:\u00a094 cm.<br \/>\nS\u00fcgavus:\u00a083 cm.<br \/>\nK\u00f5rgus:\u00a086 cm.<br \/>\nMagamiskoht:\u00a074 x 185 cm.<br \/>\nJalad: puidust, k\u00f5rgus on 16 cm.<br \/>\nTarneaeg: 4-8 n\u00e4dalat.<br \/>\nSuuremat kangavalikut n\u00e4eb Mobecori m\u00f6\u00f6blipoes V\u00f5rus.<\/p>\n<p>&nbsp;<\/p>\n","protected":false},"featured_media":11510,"template":"","meta":{"_acf_changed":false,"inline_featured_image":false},"series":[],"product_brand":[3505],"product_cat":[285],"product_tag":[],"class_list":{"0":"post-20594","1":"product","2":"type-product","3":"status-publish","4":"has-post-thumbnail","6":"product_brand-empak","7":"product_cat-tugitoolid","9":"first","10":"instock","11":"taxable","12":"shipping-taxable","13":"purchasable","14":"product-type-simple"},"acf":[],"_links":{"self":[{"href":"https:\/\/mobecor.ee\/en\/wp-json\/wp\/v2\/product\/20594","targetHints":{"allow":["GET"]}}],"collection":[{"href":"https:\/\/mobecor.ee\/en\/wp-json\/wp\/v2\/product"}],"about":[{"href":"https:\/\/mobecor.ee\/en\/wp-json\/wp\/v2\/types\/product"}],"wp:featuredmedia":[{"embeddable":true,"href":"https:\/\/mobecor.ee\/en\/wp-json\/wp\/v2\/media\/11510"}],"wp:attachment":[{"href":"https:\/\/mobecor.ee\/en\/wp-json\/wp\/v2\/media?parent=20594"}],"wp:term":[{"taxonomy":"series","embeddable":true,"href":"https:\/\/mobecor.ee\/en\/wp-json\/wp\/v2\/series?post=20594"},{"taxonomy":"product_brand","embeddable":true,"href":"https:\/\/mobecor.ee\/en\/wp-json\/wp\/v2\/product_brand?post=20594"},{"taxonomy":"product_cat","embeddable":true,"href":"https:\/\/mobecor.ee\/en\/wp-json\/wp\/v2\/product_cat?post=20594"},{"taxonomy":"product_tag","embeddable":true,"href":"https:\/\/mobecor.ee\/en\/wp-json\/wp\/v2\/product_tag?post=20594"}],"curies":[{"name":"wp","href":"https:\/\/api.w.org\/{rel}","templated":true}]}}