{"id":20631,"date":"2025-05-05T11:09:04","date_gmt":"2025-05-05T11:09:04","guid":{"rendered":"https:\/\/mobecor.ee\/?post_type=product&#038;p=20631"},"modified":"2026-01-20T15:31:30","modified_gmt":"2026-01-20T13:31:30","slug":"voodi-smart-sr6-tamm-sonoma-valge-160-200","status":"publish","type":"product","link":"https:\/\/mobecor.ee\/en\/toode\/voodi-smart-sr6-tamm-sonoma-valge-160-200\/","title":{"rendered":"Voodi Smart SR6 tamm sonoma (160*200)"},"content":{"rendered":"<p>Voodi peatsis on halli kangaga kaetud pehme polsterdus (kangas Molly 85).<br \/>\nVoodil on \u00fclest\u00f5stetav p\u00f5hi ja pesukast.<br \/>\nMaterjal: kvaliteetne ja vastupidav fooliumkattega laminaat.<br \/>\nV\u00e4rv: tamm sonoma.<br \/>\nToode tarnitakse detailidena.<br \/>\nToodetud: Poolas.<span style=\"font-size: 10pt;\"><br \/>\n<\/span><\/p>\n","protected":false},"excerpt":{"rendered":"<p>Voodile sobib madrats m\u00f5\u00f5tudes 160*200 cm.<br \/>\nMadrats ei kuulu komplekti.<br \/>\nVoodi laius: 180,5 cm.<br \/>\nVooodi s\u00fcgavus: 208 cm.<br \/>\nVoodi k\u00f5rgus: 98 cm.<br \/>\nTarneaeg: 4-8 n\u00e4dalat.<\/p>\n","protected":false},"featured_media":11384,"template":"","meta":{"_acf_changed":false,"inline_featured_image":false},"series":[2832],"product_brand":[2940],"product_cat":[4016],"product_tag":[],"class_list":{"0":"post-20631","1":"product","2":"type-product","3":"status-publish","4":"has-post-thumbnail","6":"series-smart","7":"product_brand-meblar","8":"product_cat-voodid-160-x-200","10":"first","11":"instock","12":"taxable","13":"shipping-taxable","14":"purchasable","15":"product-type-simple"},"acf":[],"_links":{"self":[{"href":"https:\/\/mobecor.ee\/en\/wp-json\/wp\/v2\/product\/20631","targetHints":{"allow":["GET"]}}],"collection":[{"href":"https:\/\/mobecor.ee\/en\/wp-json\/wp\/v2\/product"}],"about":[{"href":"https:\/\/mobecor.ee\/en\/wp-json\/wp\/v2\/types\/product"}],"wp:featuredmedia":[{"embeddable":true,"href":"https:\/\/mobecor.ee\/en\/wp-json\/wp\/v2\/media\/11384"}],"wp:attachment":[{"href":"https:\/\/mobecor.ee\/en\/wp-json\/wp\/v2\/media?parent=20631"}],"wp:term":[{"taxonomy":"series","embeddable":true,"href":"https:\/\/mobecor.ee\/en\/wp-json\/wp\/v2\/series?post=20631"},{"taxonomy":"product_brand","embeddable":true,"href":"https:\/\/mobecor.ee\/en\/wp-json\/wp\/v2\/product_brand?post=20631"},{"taxonomy":"product_cat","embeddable":true,"href":"https:\/\/mobecor.ee\/en\/wp-json\/wp\/v2\/product_cat?post=20631"},{"taxonomy":"product_tag","embeddable":true,"href":"https:\/\/mobecor.ee\/en\/wp-json\/wp\/v2\/product_tag?post=20631"}],"curies":[{"name":"wp","href":"https:\/\/api.w.org\/{rel}","templated":true}]}}