{"id":20642,"date":"2025-05-05T11:09:18","date_gmt":"2025-05-05T11:09:18","guid":{"rendered":"https:\/\/mobecor.ee\/?post_type=product&#038;p=20642"},"modified":"2026-01-20T15:30:42","modified_gmt":"2026-01-20T13:30:42","slug":"voodi-allmo-al19-160-200","status":"publish","type":"product","link":"https:\/\/mobecor.ee\/en\/toode\/voodi-allmo-al19-160-200\/","title":{"rendered":"Voodi Allmo AL19 (160*200)"},"content":{"rendered":"<p>Voodi\u00a0karkass on valmistatud lamineeritud m\u00f6\u00f6bliplaadist ja kaetud kangaga (Molly 85).<br \/>\nVoodile sobib madrats m\u00f5\u00f5tudes 160*200 cm.<br \/>\nMadrats ei kuulu komplekti.<br \/>\nVoodil on \u00fclest\u00f5stetav p\u00f5hi ja pesukast.<br \/>\nPeatsi puidust osade v\u00e4rv: tamm estana hele\/antratsiit.<br \/>\nVoodi jalad on musta v\u00e4rvi metallist (13 cm).<br \/>\nToode tarnitakse detailidena.<br \/>\nToodetud: Poolas.<\/p>\n","protected":false},"excerpt":{"rendered":"<p>Laius:\u00a0168 cm.<br \/>\nS\u00fcgavus:\u00a0208\u00a0cm.<br \/>\nK\u00f5rgus:\u00a094,5 cm.<br \/>\nTarneaeg: 4-8 n\u00e4dalat.<\/p>\n","protected":false},"featured_media":11406,"template":"","meta":{"_acf_changed":false,"inline_featured_image":false},"series":[2714],"product_brand":[2940],"product_cat":[4016],"product_tag":[],"class_list":{"0":"post-20642","1":"product","2":"type-product","3":"status-publish","4":"has-post-thumbnail","6":"series-allmo","7":"product_brand-meblar","8":"product_cat-voodid-160-x-200","10":"first","11":"instock","12":"taxable","13":"shipping-taxable","14":"purchasable","15":"product-type-simple"},"acf":[],"_links":{"self":[{"href":"https:\/\/mobecor.ee\/en\/wp-json\/wp\/v2\/product\/20642","targetHints":{"allow":["GET"]}}],"collection":[{"href":"https:\/\/mobecor.ee\/en\/wp-json\/wp\/v2\/product"}],"about":[{"href":"https:\/\/mobecor.ee\/en\/wp-json\/wp\/v2\/types\/product"}],"wp:featuredmedia":[{"embeddable":true,"href":"https:\/\/mobecor.ee\/en\/wp-json\/wp\/v2\/media\/11406"}],"wp:attachment":[{"href":"https:\/\/mobecor.ee\/en\/wp-json\/wp\/v2\/media?parent=20642"}],"wp:term":[{"taxonomy":"series","embeddable":true,"href":"https:\/\/mobecor.ee\/en\/wp-json\/wp\/v2\/series?post=20642"},{"taxonomy":"product_brand","embeddable":true,"href":"https:\/\/mobecor.ee\/en\/wp-json\/wp\/v2\/product_brand?post=20642"},{"taxonomy":"product_cat","embeddable":true,"href":"https:\/\/mobecor.ee\/en\/wp-json\/wp\/v2\/product_cat?post=20642"},{"taxonomy":"product_tag","embeddable":true,"href":"https:\/\/mobecor.ee\/en\/wp-json\/wp\/v2\/product_tag?post=20642"}],"curies":[{"name":"wp","href":"https:\/\/api.w.org\/{rel}","templated":true}]}}