{"id":20652,"date":"2025-05-05T11:09:26","date_gmt":"2025-05-05T11:09:26","guid":{"rendered":"https:\/\/mobecor.ee\/?post_type=product&#038;p=20652"},"modified":"2026-04-02T13:10:58","modified_gmt":"2026-04-02T10:10:58","slug":"tugitool-umbria-112-102","status":"publish","type":"product","link":"https:\/\/mobecor.ee\/en\/toode\/tugitool-umbria-112-102\/","title":{"rendered":"Tugitool Umbria  (112\/102) kangas 0 gr."},"content":{"rendered":"<p>Tugitoolil\u00a0on sik-sak vedrustus, pehmenduseks poroloon.<br \/>\nPeatoed reguleeritavad.<br \/>\nToodetud: Poolas.<\/p>\n","protected":false},"excerpt":{"rendered":"<p>Laius: 112 cm.<br \/>\nS\u00fcgavus : 102 cm.<br \/>\nK\u00f5rgus: 103 cm.<br \/>\nIstumisk\u00f5rgus: 43 cm.<br \/>\nIstumiss\u00fcgavus: 55 cm.<br \/>\nTarneaeg: 4-12 n\u00e4dalat.<br \/>\nNB! Kangaste v\u00e4rv v\u00f5ib veidi erineda pildil ja tegelikkuses (heledam v\u00f5i tumedam).<br \/>\nK\u00f5iki tellitavaid kangaid on v\u00f5imalik n\u00e4ha Mobecori m\u00f6\u00f6blipoes V\u00f5rus.<\/p>\n<p>&nbsp;<\/p>\n","protected":false},"featured_media":11426,"template":"","meta":{"_acf_changed":false,"inline_featured_image":false},"series":[],"product_brand":[2940],"product_cat":[285],"product_tag":[],"class_list":{"0":"post-20652","1":"product","2":"type-product","3":"status-publish","4":"has-post-thumbnail","6":"product_brand-meblar","7":"product_cat-tugitoolid","9":"first","10":"instock","11":"taxable","12":"shipping-taxable","13":"purchasable","14":"product-type-simple"},"acf":[],"_links":{"self":[{"href":"https:\/\/mobecor.ee\/en\/wp-json\/wp\/v2\/product\/20652","targetHints":{"allow":["GET"]}}],"collection":[{"href":"https:\/\/mobecor.ee\/en\/wp-json\/wp\/v2\/product"}],"about":[{"href":"https:\/\/mobecor.ee\/en\/wp-json\/wp\/v2\/types\/product"}],"wp:featuredmedia":[{"embeddable":true,"href":"https:\/\/mobecor.ee\/en\/wp-json\/wp\/v2\/media\/11426"}],"wp:attachment":[{"href":"https:\/\/mobecor.ee\/en\/wp-json\/wp\/v2\/media?parent=20652"}],"wp:term":[{"taxonomy":"series","embeddable":true,"href":"https:\/\/mobecor.ee\/en\/wp-json\/wp\/v2\/series?post=20652"},{"taxonomy":"product_brand","embeddable":true,"href":"https:\/\/mobecor.ee\/en\/wp-json\/wp\/v2\/product_brand?post=20652"},{"taxonomy":"product_cat","embeddable":true,"href":"https:\/\/mobecor.ee\/en\/wp-json\/wp\/v2\/product_cat?post=20652"},{"taxonomy":"product_tag","embeddable":true,"href":"https:\/\/mobecor.ee\/en\/wp-json\/wp\/v2\/product_tag?post=20652"}],"curies":[{"name":"wp","href":"https:\/\/api.w.org\/{rel}","templated":true}]}}