{"id":20776,"date":"2025-05-05T11:16:36","date_gmt":"2025-05-05T11:16:36","guid":{"rendered":"https:\/\/mobecor.ee\/?post_type=product&#038;p=20776"},"modified":"2026-02-19T16:42:49","modified_gmt":"2026-02-19T14:42:49","slug":"kummut-fonti-f5","status":"publish","type":"product","link":"https:\/\/mobecor.ee\/en\/toode\/kummut-fonti-f5\/","title":{"rendered":"Kummut Fonti F5 (117,5\/40,6\/90)"},"content":{"rendered":"<p>Kummutil on 3 sahtlit ja 1 uks.<br \/>\nV\u00e4rv: karamell, mustade \u00e4\u00e4ristega.<br \/>\nMaterjal: lamineeritud m\u00f6\u00f6bliplaat.<br \/>\nTagasein: HDF plaat.<br \/>\nServad: ABS.<br \/>\nKummutil\u00a0on standardselt madalad plastikjalad, lisavalikuna v\u00f5imalik valida 12 cm metallist jalad.<br \/>\nUks ja sahtlid\u00a0on vaikselt sulguvad.<br \/>\nToode tarnitakse detailidena.<br \/>\nToodetud: Poolas.<\/p>\n","protected":false},"excerpt":{"rendered":"<p>Laius:\u00a0117,5 cm.<br \/>\nS\u00fcgavus:\u00a040,6 cm.<br \/>\nK\u00f5rgus:\u00a090 cm.<br \/>\n<strong>Tarneaeg: laos kohe olemas madalate plastikust jalgadega.<\/strong><\/p>\n","protected":false},"featured_media":11090,"template":"","meta":{"_acf_changed":false,"inline_featured_image":false},"series":[2748],"product_brand":[2946],"product_cat":[36,2928],"product_tag":[],"class_list":{"0":"post-20776","1":"product","2":"type-product","3":"status-publish","4":"has-post-thumbnail","6":"series-fonti","7":"product_brand-jarstol","8":"product_cat-kummutid","9":"product_cat-kummutid-ja-kapid-laos","11":"first","12":"instock","13":"taxable","14":"shipping-taxable","15":"purchasable","16":"product-type-variable"},"acf":[],"_links":{"self":[{"href":"https:\/\/mobecor.ee\/en\/wp-json\/wp\/v2\/product\/20776","targetHints":{"allow":["GET"]}}],"collection":[{"href":"https:\/\/mobecor.ee\/en\/wp-json\/wp\/v2\/product"}],"about":[{"href":"https:\/\/mobecor.ee\/en\/wp-json\/wp\/v2\/types\/product"}],"wp:featuredmedia":[{"embeddable":true,"href":"https:\/\/mobecor.ee\/en\/wp-json\/wp\/v2\/media\/11090"}],"wp:attachment":[{"href":"https:\/\/mobecor.ee\/en\/wp-json\/wp\/v2\/media?parent=20776"}],"wp:term":[{"taxonomy":"series","embeddable":true,"href":"https:\/\/mobecor.ee\/en\/wp-json\/wp\/v2\/series?post=20776"},{"taxonomy":"product_brand","embeddable":true,"href":"https:\/\/mobecor.ee\/en\/wp-json\/wp\/v2\/product_brand?post=20776"},{"taxonomy":"product_cat","embeddable":true,"href":"https:\/\/mobecor.ee\/en\/wp-json\/wp\/v2\/product_cat?post=20776"},{"taxonomy":"product_tag","embeddable":true,"href":"https:\/\/mobecor.ee\/en\/wp-json\/wp\/v2\/product_tag?post=20776"}],"curies":[{"name":"wp","href":"https:\/\/api.w.org\/{rel}","templated":true}]}}