{"id":20777,"date":"2025-05-05T11:16:44","date_gmt":"2025-05-05T11:16:44","guid":{"rendered":"https:\/\/mobecor.ee\/?post_type=product&#038;p=20777"},"modified":"2026-02-19T16:32:17","modified_gmt":"2026-02-19T14:32:17","slug":"kummut-fonti-f4-158-406-90","status":"publish","type":"product","link":"https:\/\/mobecor.ee\/en\/toode\/kummut-fonti-f4-158-406-90\/","title":{"rendered":"Kummut Fonti F4 (158\/40,6\/90)"},"content":{"rendered":"<p>Kummutil on 2 suuremat ust ja keskel madalam osaliselt klaasiga uks, mis avaneb ette.<br \/>\nV\u00e4rv: karamell, mustade \u00e4\u00e4ristega.<br \/>\nMaterjal: lamineeritud m\u00f6\u00f6bliplaat + klaas.<br \/>\nTagasein: HDF plaat.<br \/>\nServad: ABS.<br \/>\nKummutil\u00a0on standardselt madalad plastikjalad, lisavalikuna v\u00f5imalik valida 12 cm metallist jalad.<br \/>\n\u00c4\u00e4rmised uksed on vaikselt sulguvad.<br \/>\nToode tarnitakse detailidena.<br \/>\nToodetud: Poolas.<\/p>\n","protected":false},"excerpt":{"rendered":"<p>Laius:\u00a0158 cm.<br \/>\nS\u00fcgavus:\u00a040,6 cm.<br \/>\nK\u00f5rgus:\u00a090 cm.<br \/>\nTarneaeg:\u00a04-8 n\u00e4dalat.<\/p>\n","protected":false},"featured_media":11092,"template":"","meta":{"_acf_changed":false,"inline_featured_image":false},"series":[2748],"product_brand":[2946],"product_cat":[36],"product_tag":[],"class_list":{"0":"post-20777","1":"product","2":"type-product","3":"status-publish","4":"has-post-thumbnail","6":"series-fonti","7":"product_brand-jarstol","8":"product_cat-kummutid","10":"first","11":"instock","12":"taxable","13":"shipping-taxable","14":"purchasable","15":"product-type-variable"},"acf":[],"_links":{"self":[{"href":"https:\/\/mobecor.ee\/en\/wp-json\/wp\/v2\/product\/20777","targetHints":{"allow":["GET"]}}],"collection":[{"href":"https:\/\/mobecor.ee\/en\/wp-json\/wp\/v2\/product"}],"about":[{"href":"https:\/\/mobecor.ee\/en\/wp-json\/wp\/v2\/types\/product"}],"wp:featuredmedia":[{"embeddable":true,"href":"https:\/\/mobecor.ee\/en\/wp-json\/wp\/v2\/media\/11092"}],"wp:attachment":[{"href":"https:\/\/mobecor.ee\/en\/wp-json\/wp\/v2\/media?parent=20777"}],"wp:term":[{"taxonomy":"series","embeddable":true,"href":"https:\/\/mobecor.ee\/en\/wp-json\/wp\/v2\/series?post=20777"},{"taxonomy":"product_brand","embeddable":true,"href":"https:\/\/mobecor.ee\/en\/wp-json\/wp\/v2\/product_brand?post=20777"},{"taxonomy":"product_cat","embeddable":true,"href":"https:\/\/mobecor.ee\/en\/wp-json\/wp\/v2\/product_cat?post=20777"},{"taxonomy":"product_tag","embeddable":true,"href":"https:\/\/mobecor.ee\/en\/wp-json\/wp\/v2\/product_tag?post=20777"}],"curies":[{"name":"wp","href":"https:\/\/api.w.org\/{rel}","templated":true}]}}