{"id":20789,"date":"2025-05-05T11:16:55","date_gmt":"2025-05-05T11:16:55","guid":{"rendered":"https:\/\/mobecor.ee\/?post_type=product&#038;p=20789"},"modified":"2026-02-19T16:31:42","modified_gmt":"2026-02-19T14:31:42","slug":"riidekapp-fonti-f1-866-605-1874","status":"publish","type":"product","link":"https:\/\/mobecor.ee\/en\/toode\/riidekapp-fonti-f1-866-605-1874\/","title":{"rendered":"Riidekapp Fonti F1 (86,6\/60,5\/187,4)"},"content":{"rendered":"<p>Riidekapil on 2 ust ja\u00a01 sahtel.<br \/>\nUste taga on \u00fchel poool riidepuutoru ja teisel pool pesuriiulid.<br \/>\nV\u00e4rv: karamell, mustade \u00e4\u00e4ristega.<br \/>\nMaterjal: lamineeritud m\u00f6\u00f6bliplaat.<br \/>\nTagasein: HDF plaat.<br \/>\nServad: ABS.<br \/>\nRiidekapil\u00a0on standardselt madalad plastikjalad, lisavalikuna v\u00f5imalik valida 12 cm metallist jalad.<br \/>\nUksed ja sahtel on vaikselt sulguvad.<br \/>\nToode tarnitakse detailidena.<br \/>\nToodetud: Poolas.<\/p>\n","protected":false},"excerpt":{"rendered":"<p>Laius:\u00a086,6 cm.<br \/>\nS\u00fcgavus:\u00a060,5 cm.<br \/>\nK\u00f5rgus:\u00a0187,4 cm.<br \/>\nTarneaeg: 4-8 n\u00e4dalat.<\/p>\n","protected":false},"featured_media":11116,"template":"","meta":{"_acf_changed":false,"inline_featured_image":false},"series":[2748],"product_brand":[2946],"product_cat":[327],"product_tag":[],"class_list":{"0":"post-20789","1":"product","2":"type-product","3":"status-publish","4":"has-post-thumbnail","6":"series-fonti","7":"product_brand-jarstol","8":"product_cat-2-uksega-kapid","10":"first","11":"instock","12":"taxable","13":"shipping-taxable","14":"purchasable","15":"product-type-variable"},"acf":[],"_links":{"self":[{"href":"https:\/\/mobecor.ee\/en\/wp-json\/wp\/v2\/product\/20789","targetHints":{"allow":["GET"]}}],"collection":[{"href":"https:\/\/mobecor.ee\/en\/wp-json\/wp\/v2\/product"}],"about":[{"href":"https:\/\/mobecor.ee\/en\/wp-json\/wp\/v2\/types\/product"}],"wp:featuredmedia":[{"embeddable":true,"href":"https:\/\/mobecor.ee\/en\/wp-json\/wp\/v2\/media\/11116"}],"wp:attachment":[{"href":"https:\/\/mobecor.ee\/en\/wp-json\/wp\/v2\/media?parent=20789"}],"wp:term":[{"taxonomy":"series","embeddable":true,"href":"https:\/\/mobecor.ee\/en\/wp-json\/wp\/v2\/series?post=20789"},{"taxonomy":"product_brand","embeddable":true,"href":"https:\/\/mobecor.ee\/en\/wp-json\/wp\/v2\/product_brand?post=20789"},{"taxonomy":"product_cat","embeddable":true,"href":"https:\/\/mobecor.ee\/en\/wp-json\/wp\/v2\/product_cat?post=20789"},{"taxonomy":"product_tag","embeddable":true,"href":"https:\/\/mobecor.ee\/en\/wp-json\/wp\/v2\/product_tag?post=20789"}],"curies":[{"name":"wp","href":"https:\/\/api.w.org\/{rel}","templated":true}]}}