{"id":20790,"date":"2025-05-05T11:16:56","date_gmt":"2025-05-05T11:16:56","guid":{"rendered":"https:\/\/mobecor.ee\/?post_type=product&#038;p=20790"},"modified":"2026-02-19T16:30:01","modified_gmt":"2026-02-19T14:30:01","slug":"vitriinkapp-fonti-f2-50-406-1874","status":"publish","type":"product","link":"https:\/\/mobecor.ee\/en\/toode\/vitriinkapp-fonti-f2-50-406-1874\/","title":{"rendered":"Vitriinkapp Fonti F2 (50\/40,6\/187,4)"},"content":{"rendered":"<p>Vitriinkapil on 2 ust ja 1 sahtel.<br \/>\n\u00dclemine uks on osaliselt klaasiga.<br \/>\nV\u00e4rv: karamell, mustade \u00e4\u00e4ristega.<br \/>\nMaterjal: lamineeritud m\u00f6\u00f6bliplaat + klaas.<br \/>\nTagasein: HDF plaat.<br \/>\nServad: ABS.<br \/>\nVitriinkapil on standardselt madalad plastikjalad, lisavalikuna v\u00f5imalik valida 12 cm metallist jalad.<br \/>\nUksed ja sahtel\u00a0on vaikselt sulguvad.<br \/>\nToode tarnitakse detailidena.<br \/>\nToodetud: Poolas.<\/p>\n","protected":false},"excerpt":{"rendered":"<p>Laius:\u00a050 cm.<br \/>\nS\u00fcgavus:\u00a040,6 cm.<br \/>\nK\u00f5rgus:\u00a0187,4 cm.<br \/>\nTarneaeg: 4-8 n\u00e4dalat.<\/p>\n","protected":false},"featured_media":11118,"template":"","meta":{"_acf_changed":false,"inline_featured_image":false},"series":[2748],"product_brand":[2946],"product_cat":[33],"product_tag":[],"class_list":{"0":"post-20790","1":"product","2":"type-product","3":"status-publish","4":"has-post-thumbnail","6":"series-fonti","7":"product_brand-jarstol","8":"product_cat-vitriinid","10":"first","11":"instock","12":"taxable","13":"shipping-taxable","14":"purchasable","15":"product-type-variable"},"acf":[],"_links":{"self":[{"href":"https:\/\/mobecor.ee\/en\/wp-json\/wp\/v2\/product\/20790","targetHints":{"allow":["GET"]}}],"collection":[{"href":"https:\/\/mobecor.ee\/en\/wp-json\/wp\/v2\/product"}],"about":[{"href":"https:\/\/mobecor.ee\/en\/wp-json\/wp\/v2\/types\/product"}],"wp:featuredmedia":[{"embeddable":true,"href":"https:\/\/mobecor.ee\/en\/wp-json\/wp\/v2\/media\/11118"}],"wp:attachment":[{"href":"https:\/\/mobecor.ee\/en\/wp-json\/wp\/v2\/media?parent=20790"}],"wp:term":[{"taxonomy":"series","embeddable":true,"href":"https:\/\/mobecor.ee\/en\/wp-json\/wp\/v2\/series?post=20790"},{"taxonomy":"product_brand","embeddable":true,"href":"https:\/\/mobecor.ee\/en\/wp-json\/wp\/v2\/product_brand?post=20790"},{"taxonomy":"product_cat","embeddable":true,"href":"https:\/\/mobecor.ee\/en\/wp-json\/wp\/v2\/product_cat?post=20790"},{"taxonomy":"product_tag","embeddable":true,"href":"https:\/\/mobecor.ee\/en\/wp-json\/wp\/v2\/product_tag?post=20790"}],"curies":[{"name":"wp","href":"https:\/\/api.w.org\/{rel}","templated":true}]}}