{"id":20793,"date":"2025-05-05T11:16:59","date_gmt":"2025-05-05T11:16:59","guid":{"rendered":"https:\/\/mobecor.ee\/?post_type=product&#038;p=20793"},"modified":"2026-02-19T16:27:11","modified_gmt":"2026-02-19T14:27:11","slug":"diivanilaud-fonti-f8-120-60-455","status":"publish","type":"product","link":"https:\/\/mobecor.ee\/en\/toode\/diivanilaud-fonti-f8-120-60-455\/","title":{"rendered":"Diivanilaud Fonti F8 (120\/60\/45,5)"},"content":{"rendered":"<p>V\u00e4rv: karamell, mustade \u00e4\u00e4ristega.<br \/>\nMaterjal: lamineeritud m\u00f6\u00f6bliplaat.<br \/>\nServad: ABS.<br \/>\nToode tarnitakse detailidena.<br \/>\nToodetud: Poolas.<\/p>\n","protected":false},"excerpt":{"rendered":"<p>Laius:\u00a0120 cm.<br \/>\nS\u00fcgavus:\u00a060 cm.<br \/>\nK\u00f5rgus:\u00a045,5 cm.<br \/>\nTarneaeg: 4-8 n\u00e4dalat.<\/p>\n","protected":false},"featured_media":11124,"template":"","meta":{"_acf_changed":false,"inline_featured_image":false},"series":[2748],"product_brand":[2946],"product_cat":[37],"product_tag":[],"class_list":{"0":"post-20793","1":"product","2":"type-product","3":"status-publish","4":"has-post-thumbnail","6":"series-fonti","7":"product_brand-jarstol","8":"product_cat-diivanilauad","10":"first","11":"instock","12":"taxable","13":"shipping-taxable","14":"purchasable","15":"product-type-simple"},"acf":[],"_links":{"self":[{"href":"https:\/\/mobecor.ee\/en\/wp-json\/wp\/v2\/product\/20793","targetHints":{"allow":["GET"]}}],"collection":[{"href":"https:\/\/mobecor.ee\/en\/wp-json\/wp\/v2\/product"}],"about":[{"href":"https:\/\/mobecor.ee\/en\/wp-json\/wp\/v2\/types\/product"}],"wp:featuredmedia":[{"embeddable":true,"href":"https:\/\/mobecor.ee\/en\/wp-json\/wp\/v2\/media\/11124"}],"wp:attachment":[{"href":"https:\/\/mobecor.ee\/en\/wp-json\/wp\/v2\/media?parent=20793"}],"wp:term":[{"taxonomy":"series","embeddable":true,"href":"https:\/\/mobecor.ee\/en\/wp-json\/wp\/v2\/series?post=20793"},{"taxonomy":"product_brand","embeddable":true,"href":"https:\/\/mobecor.ee\/en\/wp-json\/wp\/v2\/product_brand?post=20793"},{"taxonomy":"product_cat","embeddable":true,"href":"https:\/\/mobecor.ee\/en\/wp-json\/wp\/v2\/product_cat?post=20793"},{"taxonomy":"product_tag","embeddable":true,"href":"https:\/\/mobecor.ee\/en\/wp-json\/wp\/v2\/product_tag?post=20793"}],"curies":[{"name":"wp","href":"https:\/\/api.w.org\/{rel}","templated":true}]}}