{"id":20795,"date":"2025-05-05T11:17:01","date_gmt":"2025-05-05T11:17:01","guid":{"rendered":"https:\/\/mobecor.ee\/?post_type=product&#038;p=20795"},"modified":"2026-02-19T16:18:55","modified_gmt":"2026-02-19T14:18:55","slug":"pikendatav-soogilaud-fonti-f10-110-150-110-75","status":"publish","type":"product","link":"https:\/\/mobecor.ee\/en\/toode\/pikendatav-soogilaud-fonti-f10-110-150-110-75\/","title":{"rendered":"Pikendatav s\u00f6\u00f6gilaud Fonti F10 (110-150\/110\/75)"},"content":{"rendered":"<p>Lauaplaadi v\u00e4rv: karamell, mustade \u00e4\u00e4ristega.<br \/>\nMaterjal: lamineeritud m\u00f6\u00f6bliplaat.<br \/>\nLauajalad: metallist, musta v\u00e4rvi.<br \/>\nServad: ABS.<br \/>\nToodetud: Poolas.<\/p>\n","protected":false},"excerpt":{"rendered":"<p>Laius:\u00a0110-150 cm.<br \/>\nS\u00fcgavus:\u00a0110 cm.<br \/>\nK\u00f5rgus: 75 cm.<br \/>\nTarneaeg: 4-8 n\u00e4dalat.<\/p>\n","protected":false},"featured_media":11128,"template":"","meta":{"_acf_changed":false,"inline_featured_image":false},"series":[2748],"product_brand":[2946],"product_cat":[219],"product_tag":[],"class_list":{"0":"post-20795","1":"product","2":"type-product","3":"status-publish","4":"has-post-thumbnail","6":"series-fonti","7":"product_brand-jarstol","8":"product_cat-soogilauad","10":"first","11":"instock","12":"taxable","13":"shipping-taxable","14":"purchasable","15":"product-type-simple"},"acf":[],"_links":{"self":[{"href":"https:\/\/mobecor.ee\/en\/wp-json\/wp\/v2\/product\/20795","targetHints":{"allow":["GET"]}}],"collection":[{"href":"https:\/\/mobecor.ee\/en\/wp-json\/wp\/v2\/product"}],"about":[{"href":"https:\/\/mobecor.ee\/en\/wp-json\/wp\/v2\/types\/product"}],"wp:featuredmedia":[{"embeddable":true,"href":"https:\/\/mobecor.ee\/en\/wp-json\/wp\/v2\/media\/11128"}],"wp:attachment":[{"href":"https:\/\/mobecor.ee\/en\/wp-json\/wp\/v2\/media?parent=20795"}],"wp:term":[{"taxonomy":"series","embeddable":true,"href":"https:\/\/mobecor.ee\/en\/wp-json\/wp\/v2\/series?post=20795"},{"taxonomy":"product_brand","embeddable":true,"href":"https:\/\/mobecor.ee\/en\/wp-json\/wp\/v2\/product_brand?post=20795"},{"taxonomy":"product_cat","embeddable":true,"href":"https:\/\/mobecor.ee\/en\/wp-json\/wp\/v2\/product_cat?post=20795"},{"taxonomy":"product_tag","embeddable":true,"href":"https:\/\/mobecor.ee\/en\/wp-json\/wp\/v2\/product_tag?post=20795"}],"curies":[{"name":"wp","href":"https:\/\/api.w.org\/{rel}","templated":true}]}}