{"id":20798,"date":"2025-05-05T11:17:14","date_gmt":"2025-05-05T11:17:14","guid":{"rendered":"https:\/\/mobecor.ee\/?post_type=product&#038;p=20798"},"modified":"2026-02-19T16:06:55","modified_gmt":"2026-02-19T14:06:55","slug":"ookapp-fonti-f13-47-406-53","status":"publish","type":"product","link":"https:\/\/mobecor.ee\/en\/toode\/ookapp-fonti-f13-47-406-53\/","title":{"rendered":"\u00d6\u00f6kapp Fonti F13 (47\/40,6\/53)"},"content":{"rendered":"<p>\u00d6\u00f6kapil on 1 sahtel.<br \/>\nV\u00e4rv: karamell, mustade \u00e4\u00e4ristega.<br \/>\nMaterjal: lamineeritud m\u00f6\u00f6bliplaat.<br \/>\nTagasein: HDF plaat.<br \/>\nServad: ABS.<br \/>\n\u00d6\u00f6kapil\u00a0on standardselt madalad plastikjalad, lisavalikuna v\u00f5imalik valida 12 cm metallist jalad.<br \/>\nSahtel on vaikselt sulguv.<br \/>\nToode tarnitakse detailidena.<br \/>\nToodetud: Poolas.<\/p>\n","protected":false},"excerpt":{"rendered":"<p>Laius:\u00a047 cm.<br \/>\nS\u00fcgavus:\u00a040,6 cm.<br \/>\nK\u00f5rgus:\u00a053 cm.<br \/>\nTarneaeg: 4-8 n\u00e4dalat.<\/p>\n","protected":false},"featured_media":11134,"template":"","meta":{"_acf_changed":false,"inline_featured_image":false},"series":[2748],"product_brand":[2946],"product_cat":[231],"product_tag":[],"class_list":{"0":"post-20798","1":"product","2":"type-product","3":"status-publish","4":"has-post-thumbnail","6":"series-fonti","7":"product_brand-jarstol","8":"product_cat-ookapid","10":"first","11":"instock","12":"taxable","13":"shipping-taxable","14":"purchasable","15":"product-type-variable"},"acf":[],"_links":{"self":[{"href":"https:\/\/mobecor.ee\/en\/wp-json\/wp\/v2\/product\/20798","targetHints":{"allow":["GET"]}}],"collection":[{"href":"https:\/\/mobecor.ee\/en\/wp-json\/wp\/v2\/product"}],"about":[{"href":"https:\/\/mobecor.ee\/en\/wp-json\/wp\/v2\/types\/product"}],"wp:featuredmedia":[{"embeddable":true,"href":"https:\/\/mobecor.ee\/en\/wp-json\/wp\/v2\/media\/11134"}],"wp:attachment":[{"href":"https:\/\/mobecor.ee\/en\/wp-json\/wp\/v2\/media?parent=20798"}],"wp:term":[{"taxonomy":"series","embeddable":true,"href":"https:\/\/mobecor.ee\/en\/wp-json\/wp\/v2\/series?post=20798"},{"taxonomy":"product_brand","embeddable":true,"href":"https:\/\/mobecor.ee\/en\/wp-json\/wp\/v2\/product_brand?post=20798"},{"taxonomy":"product_cat","embeddable":true,"href":"https:\/\/mobecor.ee\/en\/wp-json\/wp\/v2\/product_cat?post=20798"},{"taxonomy":"product_tag","embeddable":true,"href":"https:\/\/mobecor.ee\/en\/wp-json\/wp\/v2\/product_tag?post=20798"}],"curies":[{"name":"wp","href":"https:\/\/api.w.org\/{rel}","templated":true}]}}