{"id":20848,"date":"2025-05-05T11:19:56","date_gmt":"2025-05-05T11:19:56","guid":{"rendered":"https:\/\/mobecor.ee\/?post_type=product&#038;p=20848"},"modified":"2026-01-20T16:17:36","modified_gmt":"2026-01-20T14:17:36","slug":"taispuidust-lastetool-miki","status":"publish","type":"product","link":"https:\/\/mobecor.ee\/en\/toode\/taispuidust-lastetool-miki\/","title":{"rendered":"T\u00e4ispuidust lastetool Miki"},"content":{"rendered":"<p>Materjal: m\u00e4nnipuit.<br \/>\nTool on saadaval kahes m\u00f5\u00f5dus:<br \/>\n* Iste k\u00f5rgusega 30 cm. Seljatoe k\u00f5rgus 60 cm. Tooli plaadi m\u00f5\u00f5t 32 x 32 cm.<br \/>\n* Iste k\u00f5rgusega 40 cm. Seljatoe k\u00f5rgus 70 cm. Tooli plaadi m\u00f5\u00f5t 32 x 32 cm.<br \/>\nV\u00e4rvivalik: valge; hele; vana m\u00e4nd; kirss; tume.<br \/>\nToodetud: Eestis.<br \/>\nTarneaeg: kuni 2 n\u00e4dalat.<\/p>\n","protected":false},"excerpt":{"rendered":"<p>Materjal: m\u00e4nnipuit. Tool on saadaval kahes m\u00f5\u00f5dus: * Iste k\u00f5rgusega 30 cm. Seljatoe k\u00f5rgus 60 cm. Tooli plaadi m\u00f5\u00f5t 32&#8230;<\/p>\n","protected":false},"featured_media":75912,"template":"","meta":{"_acf_changed":false,"inline_featured_image":false},"series":[],"product_brand":[3010],"product_cat":[51],"product_tag":[],"class_list":{"0":"post-20848","1":"product","2":"type-product","3":"status-publish","4":"has-post-thumbnail","6":"product_brand-puuslik","7":"product_cat-toolid","9":"first","10":"instock","11":"taxable","12":"shipping-taxable","13":"purchasable","14":"product-type-simple"},"acf":[],"_links":{"self":[{"href":"https:\/\/mobecor.ee\/en\/wp-json\/wp\/v2\/product\/20848","targetHints":{"allow":["GET"]}}],"collection":[{"href":"https:\/\/mobecor.ee\/en\/wp-json\/wp\/v2\/product"}],"about":[{"href":"https:\/\/mobecor.ee\/en\/wp-json\/wp\/v2\/types\/product"}],"wp:featuredmedia":[{"embeddable":true,"href":"https:\/\/mobecor.ee\/en\/wp-json\/wp\/v2\/media\/75912"}],"wp:attachment":[{"href":"https:\/\/mobecor.ee\/en\/wp-json\/wp\/v2\/media?parent=20848"}],"wp:term":[{"taxonomy":"series","embeddable":true,"href":"https:\/\/mobecor.ee\/en\/wp-json\/wp\/v2\/series?post=20848"},{"taxonomy":"product_brand","embeddable":true,"href":"https:\/\/mobecor.ee\/en\/wp-json\/wp\/v2\/product_brand?post=20848"},{"taxonomy":"product_cat","embeddable":true,"href":"https:\/\/mobecor.ee\/en\/wp-json\/wp\/v2\/product_cat?post=20848"},{"taxonomy":"product_tag","embeddable":true,"href":"https:\/\/mobecor.ee\/en\/wp-json\/wp\/v2\/product_tag?post=20848"}],"curies":[{"name":"wp","href":"https:\/\/api.w.org\/{rel}","templated":true}]}}