{"id":20856,"date":"2025-05-05T11:20:24","date_gmt":"2025-05-05T11:20:24","guid":{"rendered":"https:\/\/mobecor.ee\/?post_type=product&#038;p=20856"},"modified":"2025-12-18T15:06:23","modified_gmt":"2025-12-18T13:06:23","slug":"porandakapp-nurgakapp-kam-duo-drp-90-pirn-pahkel","status":"publish","type":"product","link":"https:\/\/mobecor.ee\/en\/toode\/porandakapp-nurgakapp-kam-duo-drp-90-pirn-pahkel\/","title":{"rendered":"P\u00f5randakapp\/nurgakapp Kam Duo DRP 90 (pirn\/p\u00e4hkel)"},"content":{"rendered":"<p>\u00dcksik viimane p\u00f5randakapp\/nurgakapp.<br \/>\nMaterjal: kvaliteetne ja vastupidav melamiinkattega laminaat.<br \/>\nUkse\u00a0servad on viimistletud ABS kandiga, kasutatud on veekindlat PUR liimi.<br \/>\nUkse v\u00e4rv:\u00a0pirn(hele)\/p\u00e4hkel (tume).<br \/>\nKorpuse v\u00e4rv: p\u00e4hkel (tume).<br \/>\nNB! Nurgakapi hinged ei ole vaikselt sulguvad.<br \/>\nToodetud: Poolas.<br \/>\nToode tarnitakse detailidena.<\/p>\n","protected":false},"excerpt":{"rendered":"<p>Laius:\u00a090 x 90 cm.<br \/>\nS\u00fcgavus: 58 cm.<br \/>\nK\u00f5rgus: 82 cm.<br \/>\nTarneaeg: laos kohe olemas.<\/p>\n","protected":false},"featured_media":11056,"template":"","meta":{"_acf_changed":false,"inline_featured_image":false},"series":[],"product_brand":[2952],"product_cat":[2931],"product_tag":[],"class_list":{"0":"post-20856","1":"product","2":"type-product","3":"status-publish","4":"has-post-thumbnail","6":"product_brand-meblekam","7":"product_cat-koogimoobel-laos","9":"first","10":"instock","11":"sale","12":"taxable","13":"shipping-taxable","14":"purchasable","15":"product-type-simple"},"acf":[],"_links":{"self":[{"href":"https:\/\/mobecor.ee\/en\/wp-json\/wp\/v2\/product\/20856","targetHints":{"allow":["GET"]}}],"collection":[{"href":"https:\/\/mobecor.ee\/en\/wp-json\/wp\/v2\/product"}],"about":[{"href":"https:\/\/mobecor.ee\/en\/wp-json\/wp\/v2\/types\/product"}],"wp:featuredmedia":[{"embeddable":true,"href":"https:\/\/mobecor.ee\/en\/wp-json\/wp\/v2\/media\/11056"}],"wp:attachment":[{"href":"https:\/\/mobecor.ee\/en\/wp-json\/wp\/v2\/media?parent=20856"}],"wp:term":[{"taxonomy":"series","embeddable":true,"href":"https:\/\/mobecor.ee\/en\/wp-json\/wp\/v2\/series?post=20856"},{"taxonomy":"product_brand","embeddable":true,"href":"https:\/\/mobecor.ee\/en\/wp-json\/wp\/v2\/product_brand?post=20856"},{"taxonomy":"product_cat","embeddable":true,"href":"https:\/\/mobecor.ee\/en\/wp-json\/wp\/v2\/product_cat?post=20856"},{"taxonomy":"product_tag","embeddable":true,"href":"https:\/\/mobecor.ee\/en\/wp-json\/wp\/v2\/product_tag?post=20856"}],"curies":[{"name":"wp","href":"https:\/\/api.w.org\/{rel}","templated":true}]}}