{"id":20861,"date":"2025-05-05T11:20:39","date_gmt":"2025-05-05T11:20:39","guid":{"rendered":"https:\/\/mobecor.ee\/?post_type=product&#038;p=20861"},"modified":"2025-09-16T09:04:05","modified_gmt":"2025-09-16T06:04:05","slug":"laud-olmo-o-90","status":"publish","type":"product","link":"https:\/\/mobecor.ee\/en\/toode\/laud-olmo-o-90\/","title":{"rendered":"Laud Olmo (\u00f8 90)"},"content":{"rendered":"<p><span style=\"font-size: 10pt;\">Lauaplaat &#8211; p\u00e4hkli v\u00e4rvi.<br \/>\nLauaplaadi materjal: MDF.<br \/>\nJalg &#8211; musta v\u00e4rvi metallist.<br \/>\n<\/span><span style=\"font-size: 10pt;\">Toodetud: Poolas.<br \/>\nVajab kokku monteerimist.<\/span><br \/>\n<span style=\"line-height: 1.3em; font-size: 10pt;\"><br \/>\n<\/span><\/p>\n","protected":false},"excerpt":{"rendered":"<p><span style=\"line-height: 1.3em; font-size: 10pt;\">Lauaplaadi l\u00e4bim\u00f5\u00f5t:\u00a090 cm.<br \/>\nK\u00f5rgus:\u00a073<\/span><span style=\"line-height: 1.3em; font-size: 10pt;\">\u00a0cm.<br \/>\nTarneaeg:\u00a0laos kohe olemas.<br \/>\nNB! Pildil olevad toolid ei kuulu hinna sisse.<\/span><\/p>\n","protected":false},"featured_media":11066,"template":"","meta":{"_acf_changed":false,"inline_featured_image":false},"series":[],"product_brand":[2942],"product_cat":[219,2924],"product_tag":[],"class_list":{"0":"post-20861","1":"product","2":"type-product","3":"status-publish","4":"has-post-thumbnail","6":"product_brand-halmar","7":"product_cat-soogilauad","8":"product_cat-soogilauad-ja-toolid-laos","10":"first","11":"instock","12":"taxable","13":"shipping-taxable","14":"purchasable","15":"product-type-simple"},"acf":[],"_links":{"self":[{"href":"https:\/\/mobecor.ee\/en\/wp-json\/wp\/v2\/product\/20861","targetHints":{"allow":["GET"]}}],"collection":[{"href":"https:\/\/mobecor.ee\/en\/wp-json\/wp\/v2\/product"}],"about":[{"href":"https:\/\/mobecor.ee\/en\/wp-json\/wp\/v2\/types\/product"}],"wp:featuredmedia":[{"embeddable":true,"href":"https:\/\/mobecor.ee\/en\/wp-json\/wp\/v2\/media\/11066"}],"wp:attachment":[{"href":"https:\/\/mobecor.ee\/en\/wp-json\/wp\/v2\/media?parent=20861"}],"wp:term":[{"taxonomy":"series","embeddable":true,"href":"https:\/\/mobecor.ee\/en\/wp-json\/wp\/v2\/series?post=20861"},{"taxonomy":"product_brand","embeddable":true,"href":"https:\/\/mobecor.ee\/en\/wp-json\/wp\/v2\/product_brand?post=20861"},{"taxonomy":"product_cat","embeddable":true,"href":"https:\/\/mobecor.ee\/en\/wp-json\/wp\/v2\/product_cat?post=20861"},{"taxonomy":"product_tag","embeddable":true,"href":"https:\/\/mobecor.ee\/en\/wp-json\/wp\/v2\/product_tag?post=20861"}],"curies":[{"name":"wp","href":"https:\/\/api.w.org\/{rel}","templated":true}]}}