{"id":20888,"date":"2025-05-05T11:21:36","date_gmt":"2025-05-05T11:21:36","guid":{"rendered":"https:\/\/mobecor.ee\/?post_type=product&#038;p=20888"},"modified":"2026-02-12T08:46:15","modified_gmt":"2026-02-12T06:46:15","slug":"vitriinkapp-dallas-09-laos-kohe-olemas","status":"publish","type":"product","link":"https:\/\/mobecor.ee\/en\/toode\/vitriinkapp-dallas-09-laos-kohe-olemas\/","title":{"rendered":"Vitriinkapp Dallas 09 (60\/41\/203)"},"content":{"rendered":"<p>Vitriinkapil on 1 suur uks ja 1 v\u00e4ike uks. Suur uks on osaliselt klaasiga.<br \/>\nKlaasiga ukse taga on 2 klaasist riiulit.<br \/>\nMaterjal: kvaliteetne ja vastupidav lamineeritud m\u00f6\u00f6bliplaat + MDF + klaas.<br \/>\nServad: ABS.<br \/>\nK\u00e4epidemed: kroomitud.<br \/>\nV\u00e4rv:\u00a0korpus &#8211; naturaalne p\u00e4hkel; esipinnad &#8211; MDF valge k\u00f5rgl\u00e4ikega.<br \/>\nToodetud: Poolas<br \/>\nToode tarnitakse detailidena.<\/p>\n","protected":false},"excerpt":{"rendered":"<p>Laius: 60 cm.<br \/>\nS\u00fcgavus: 41 cm.<br \/>\nK\u00f5rgus: 203 cm.<br \/>\nKaal: 65 kg.<br \/>\n<strong>Tarneaeg: laos kohe olemas.<\/strong><br \/>\n<strong>NB! Pilt on illustreeriv. Laos kohe olemas vitriinkapp ilma led valgustita.<\/strong><\/p>\n","protected":false},"featured_media":73452,"template":"","meta":{"_acf_changed":false,"inline_featured_image":false},"series":[],"product_brand":[2938],"product_cat":[33,2925],"product_tag":[],"class_list":{"0":"post-20888","1":"product","2":"type-product","3":"status-publish","4":"has-post-thumbnail","6":"product_brand-ml-meble","7":"product_cat-vitriinid","8":"product_cat-vitriinkapid-ja-seinakapid-laos","10":"first","11":"instock","12":"sale","13":"taxable","14":"shipping-taxable","15":"purchasable","16":"product-type-simple"},"acf":[],"_links":{"self":[{"href":"https:\/\/mobecor.ee\/en\/wp-json\/wp\/v2\/product\/20888","targetHints":{"allow":["GET"]}}],"collection":[{"href":"https:\/\/mobecor.ee\/en\/wp-json\/wp\/v2\/product"}],"about":[{"href":"https:\/\/mobecor.ee\/en\/wp-json\/wp\/v2\/types\/product"}],"wp:featuredmedia":[{"embeddable":true,"href":"https:\/\/mobecor.ee\/en\/wp-json\/wp\/v2\/media\/73452"}],"wp:attachment":[{"href":"https:\/\/mobecor.ee\/en\/wp-json\/wp\/v2\/media?parent=20888"}],"wp:term":[{"taxonomy":"series","embeddable":true,"href":"https:\/\/mobecor.ee\/en\/wp-json\/wp\/v2\/series?post=20888"},{"taxonomy":"product_brand","embeddable":true,"href":"https:\/\/mobecor.ee\/en\/wp-json\/wp\/v2\/product_brand?post=20888"},{"taxonomy":"product_cat","embeddable":true,"href":"https:\/\/mobecor.ee\/en\/wp-json\/wp\/v2\/product_cat?post=20888"},{"taxonomy":"product_tag","embeddable":true,"href":"https:\/\/mobecor.ee\/en\/wp-json\/wp\/v2\/product_tag?post=20888"}],"curies":[{"name":"wp","href":"https:\/\/api.w.org\/{rel}","templated":true}]}}