{"id":20904,"date":"2025-05-05T11:22:06","date_gmt":"2025-05-05T11:22:06","guid":{"rendered":"https:\/\/mobecor.ee\/?post_type=product&#038;p=20904"},"modified":"2026-04-13T08:37:40","modified_gmt":"2026-04-13T05:37:40","slug":"ohupuhastikapp-kammono-m4-wp8c80-100","status":"publish","type":"product","link":"https:\/\/mobecor.ee\/en\/toode\/ohupuhastikapp-kammono-m4-wp8c80-100\/","title":{"rendered":"\u00d5hupuhastikapp Kammono M4 WP8C80\/100 + \u00f5hupuhasti P8"},"content":{"rendered":"<p>2-uksega \u00f5hupuhastikapp. Uksed on vaikselt sulguvad.<br \/>\nEsipind\u00a0on valmistatud akr\u00fc\u00fclkattega m\u00f6\u00f6bliplaadist (18mm).<br \/>\nEsipind\u00a0on n\u00e4puj\u00e4ljevaba ja kriimustuskindel.<br \/>\nKahepoolselt viimistletud (m\u00f5lemad pooled sama v\u00e4rvi), puudutades sametised.<br \/>\nServadel ABS kant.<br \/>\nEsipindade v\u00e4rvivalik: Breeze Beige; Sahara Cream; Ice Grey; Macaron Green; Safari Grey; Rustic Red; Havana Coffee; Victoria Grey; Forest Green; Pearl Black; Bitter; Royal Grey; Linden; Sky Blue; Olive Green.<br \/>\nKorpus: m\u00f6\u00f6bliplaadist (16 mm).<br \/>\n<span lang=\"et-EE\">Korpuse v\u00e4rvivalik: valge; hall; <span lang=\"et-EE\">kaszmir B (bee\u017e); cappuccino; must<\/span>.<\/span><br \/>\n<span lang=\"et-EE\">Uksed on vaikselt sulguvad.<\/span><br \/>\n<span lang=\"et-EE\">K\u00e4epidemed: metallist.<\/span><br \/>\nToodetud: Poolas.<br \/>\nToode tarnitakse detailidena.<\/p>\n","protected":false},"excerpt":{"rendered":"<p>Laius:\u00a080 cm.<br \/>\nS\u00fcgavus:\u00a032 cm.<br \/>\nK\u00f5rgus:\u00a0100 cm.<br \/>\nTarneaeg: 4-8 n\u00e4dalat.<br \/>\n<strong>Komplekti kuulub integreeritav \u00f5hupuhasti P8.<\/strong><br \/>\n<strong>S\u00fcsinikfilter: ei kuulu komplekti (valikuline lisavarustus, lisatasu eest).<\/strong><br \/>\n\u00d5hupuhasti P8:\u00a0\u00a0V\u00e4rv: must.\u00a0V\u00f5imsus: 615 m3\/h. Kiirused: 4.\u00a0Valgustus: integreeritud LED-riba<br \/>\nMinimaalne paigaldusk\u00f5rgus induktsioonpliidi kohal = 50 cm.<\/p>\n","protected":false},"featured_media":51760,"template":"","meta":{"_acf_changed":false,"inline_featured_image":false},"series":[],"product_brand":[2952],"product_cat":[288],"product_tag":[],"class_list":{"0":"post-20904","1":"product","2":"type-product","3":"status-publish","4":"has-post-thumbnail","6":"product_brand-meblekam","7":"product_cat-kammono-m4-seinakapid","9":"first","10":"instock","11":"taxable","12":"shipping-taxable","13":"purchasable","14":"product-type-variable"},"acf":[],"_links":{"self":[{"href":"https:\/\/mobecor.ee\/en\/wp-json\/wp\/v2\/product\/20904","targetHints":{"allow":["GET"]}}],"collection":[{"href":"https:\/\/mobecor.ee\/en\/wp-json\/wp\/v2\/product"}],"about":[{"href":"https:\/\/mobecor.ee\/en\/wp-json\/wp\/v2\/types\/product"}],"wp:featuredmedia":[{"embeddable":true,"href":"https:\/\/mobecor.ee\/en\/wp-json\/wp\/v2\/media\/51760"}],"wp:attachment":[{"href":"https:\/\/mobecor.ee\/en\/wp-json\/wp\/v2\/media?parent=20904"}],"wp:term":[{"taxonomy":"series","embeddable":true,"href":"https:\/\/mobecor.ee\/en\/wp-json\/wp\/v2\/series?post=20904"},{"taxonomy":"product_brand","embeddable":true,"href":"https:\/\/mobecor.ee\/en\/wp-json\/wp\/v2\/product_brand?post=20904"},{"taxonomy":"product_cat","embeddable":true,"href":"https:\/\/mobecor.ee\/en\/wp-json\/wp\/v2\/product_cat?post=20904"},{"taxonomy":"product_tag","embeddable":true,"href":"https:\/\/mobecor.ee\/en\/wp-json\/wp\/v2\/product_tag?post=20904"}],"curies":[{"name":"wp","href":"https:\/\/api.w.org\/{rel}","templated":true}]}}