{"id":20915,"date":"2025-05-05T11:22:57","date_gmt":"2025-05-05T11:22:57","guid":{"rendered":"https:\/\/mobecor.ee\/?post_type=product&#038;p=20915"},"modified":"2026-02-26T14:32:52","modified_gmt":"2026-02-26T12:32:52","slug":"pikendatav-soogilaud-oslo-3l-100-130","status":"publish","type":"product","link":"https:\/\/mobecor.ee\/en\/toode\/pikendatav-soogilaud-oslo-3l-100-130\/","title":{"rendered":"Pikendatav s\u00f6\u00f6gilaud Oslo 3L (100\/130)"},"content":{"rendered":"<p>S\u00f6\u00f6gilaua plaat on valmistatud lamineeritud m\u00f6\u00f6bliplaadist.<br \/>\nLauaplaadi v\u00e4rvivalik: p\u00e4hkel hele; valge; sonoma;\u00a0 artisan; ka\u0161miir.<br \/>\nKarkass on valmistatud p\u00f6\u00f6gipuidust.<br \/>\nJalgade v\u00e4rvivalik: p\u00e4hkel; p\u00e4hkel hele; valge; sonoma; grandson; artisan; must; ka\u0161miir.<br \/>\nToodetud: Poolas.<span style=\"font-size: 14px; line-height: 1.3em;\"><br \/>\n<\/span><\/p>\n","protected":false},"excerpt":{"rendered":"<p>Laius: 100\/130 cm.<br \/>\nS\u00fcgavus: 100 cm.<br \/>\nK\u00f5rgus: 75 cm.<br \/>\nLauaplaadi paksus: 32 mm.<br \/>\nTarneaeg: 4-8 n\u00e4dalat.<\/p>\n","protected":false},"featured_media":10790,"template":"","meta":{"_acf_changed":false,"inline_featured_image":false},"series":[],"product_brand":[2956],"product_cat":[219],"product_tag":[],"class_list":{"0":"post-20915","1":"product","2":"type-product","3":"status-publish","4":"has-post-thumbnail","6":"product_brand-drewmix","7":"product_cat-soogilauad","9":"first","10":"instock","11":"taxable","12":"shipping-taxable","13":"purchasable","14":"product-type-simple"},"acf":[],"_links":{"self":[{"href":"https:\/\/mobecor.ee\/en\/wp-json\/wp\/v2\/product\/20915","targetHints":{"allow":["GET"]}}],"collection":[{"href":"https:\/\/mobecor.ee\/en\/wp-json\/wp\/v2\/product"}],"about":[{"href":"https:\/\/mobecor.ee\/en\/wp-json\/wp\/v2\/types\/product"}],"wp:featuredmedia":[{"embeddable":true,"href":"https:\/\/mobecor.ee\/en\/wp-json\/wp\/v2\/media\/10790"}],"wp:attachment":[{"href":"https:\/\/mobecor.ee\/en\/wp-json\/wp\/v2\/media?parent=20915"}],"wp:term":[{"taxonomy":"series","embeddable":true,"href":"https:\/\/mobecor.ee\/en\/wp-json\/wp\/v2\/series?post=20915"},{"taxonomy":"product_brand","embeddable":true,"href":"https:\/\/mobecor.ee\/en\/wp-json\/wp\/v2\/product_brand?post=20915"},{"taxonomy":"product_cat","embeddable":true,"href":"https:\/\/mobecor.ee\/en\/wp-json\/wp\/v2\/product_cat?post=20915"},{"taxonomy":"product_tag","embeddable":true,"href":"https:\/\/mobecor.ee\/en\/wp-json\/wp\/v2\/product_tag?post=20915"}],"curies":[{"name":"wp","href":"https:\/\/api.w.org\/{rel}","templated":true}]}}