{"id":20924,"date":"2025-05-05T11:23:33","date_gmt":"2025-05-05T11:23:33","guid":{"rendered":"https:\/\/mobecor.ee\/?post_type=product&#038;p=20924"},"modified":"2026-02-26T15:54:23","modified_gmt":"2026-02-26T13:54:23","slug":"pikendatav-soogilaud-ikon-3-80-140-180-18558","status":"publish","type":"product","link":"https:\/\/mobecor.ee\/en\/toode\/pikendatav-soogilaud-ikon-3-80-140-180-18558\/","title":{"rendered":"Pikendatav s\u00f6\u00f6gilaud Ikon 4 (80*140\/180)"},"content":{"rendered":"<p>Lauaplaat on valmistatud kvaliteetsest lamineeritud m\u00f6\u00f6bliplaadist.<br \/>\nLauajalad: metallist.<br \/>\nLauaplaadi v\u00e4rvivalik: p\u00e4hkel; p\u00e4hkel hele; valge; sonoma; grandson; wotan; artisan; ka\u0161miir.<br \/>\nJalgade v\u00e4rv: must.<br \/>\nToodetud: Poolas.<br \/>\nToode tarnitakse detailidena.<\/p>\n","protected":false},"excerpt":{"rendered":"<p>Laius:\u00a0140\/180 cm.<br \/>\nS\u00fcgavus:\u00a080 cm.<br \/>\nK\u00f5rgus: 79 cm.<br \/>\nLauaplaadi paksus: 32 mm.<br \/>\nTarneaeg: 4-8 n\u00e4dalat.<br \/>\nNB! Toolid ei kuulu komplekti.<\/p>\n","protected":false},"featured_media":10808,"template":"","meta":{"_acf_changed":false,"inline_featured_image":false},"series":[],"product_brand":[2956],"product_cat":[219],"product_tag":[],"class_list":{"0":"post-20924","1":"product","2":"type-product","3":"status-publish","4":"has-post-thumbnail","6":"product_brand-drewmix","7":"product_cat-soogilauad","9":"first","10":"instock","11":"taxable","12":"shipping-taxable","13":"purchasable","14":"product-type-simple"},"acf":[],"_links":{"self":[{"href":"https:\/\/mobecor.ee\/en\/wp-json\/wp\/v2\/product\/20924","targetHints":{"allow":["GET"]}}],"collection":[{"href":"https:\/\/mobecor.ee\/en\/wp-json\/wp\/v2\/product"}],"about":[{"href":"https:\/\/mobecor.ee\/en\/wp-json\/wp\/v2\/types\/product"}],"wp:featuredmedia":[{"embeddable":true,"href":"https:\/\/mobecor.ee\/en\/wp-json\/wp\/v2\/media\/10808"}],"wp:attachment":[{"href":"https:\/\/mobecor.ee\/en\/wp-json\/wp\/v2\/media?parent=20924"}],"wp:term":[{"taxonomy":"series","embeddable":true,"href":"https:\/\/mobecor.ee\/en\/wp-json\/wp\/v2\/series?post=20924"},{"taxonomy":"product_brand","embeddable":true,"href":"https:\/\/mobecor.ee\/en\/wp-json\/wp\/v2\/product_brand?post=20924"},{"taxonomy":"product_cat","embeddable":true,"href":"https:\/\/mobecor.ee\/en\/wp-json\/wp\/v2\/product_cat?post=20924"},{"taxonomy":"product_tag","embeddable":true,"href":"https:\/\/mobecor.ee\/en\/wp-json\/wp\/v2\/product_tag?post=20924"}],"curies":[{"name":"wp","href":"https:\/\/api.w.org\/{rel}","templated":true}]}}