{"id":20926,"date":"2025-05-05T11:23:38","date_gmt":"2025-05-05T11:23:38","guid":{"rendered":"https:\/\/mobecor.ee\/?post_type=product&#038;p=20926"},"modified":"2026-03-02T11:19:39","modified_gmt":"2026-03-02T09:19:39","slug":"tool-nilo-7d","status":"publish","type":"product","link":"https:\/\/mobecor.ee\/en\/toode\/tool-nilo-7d\/","title":{"rendered":"Tool Nilo 7D"},"content":{"rendered":"","protected":false},"excerpt":{"rendered":"<p>Tool on valmistatud\u00a0t\u00e4ispuidust (p\u00f6\u00f6k).<br \/>\nV\u00e4rvivalik: p\u00e4hkel; p\u00e4hkel hele; valge; sonoma; grandson; must.<br \/>\nLaius: 43 cm.<br \/>\nS\u00fcgavus: 40 cm.<br \/>\nK\u00f5rgus: 90 cm.<br \/>\nIstumisk\u00f5rgus: 44 cm.<br \/>\nTarneaeg: 4-8 n\u00e4dalat.<br \/>\nNB! Pilt on illustratiivne. Grafiit v\u00e4rviga ei saa tellida.<\/p>\n","protected":false},"featured_media":10812,"template":"","meta":{"_acf_changed":false,"inline_featured_image":false},"series":[],"product_brand":[2956],"product_cat":[51],"product_tag":[],"class_list":{"0":"post-20926","1":"product","2":"type-product","3":"status-publish","4":"has-post-thumbnail","6":"product_brand-drewmix","7":"product_cat-toolid","9":"first","10":"instock","11":"taxable","12":"shipping-taxable","13":"purchasable","14":"product-type-simple"},"acf":[],"_links":{"self":[{"href":"https:\/\/mobecor.ee\/en\/wp-json\/wp\/v2\/product\/20926","targetHints":{"allow":["GET"]}}],"collection":[{"href":"https:\/\/mobecor.ee\/en\/wp-json\/wp\/v2\/product"}],"about":[{"href":"https:\/\/mobecor.ee\/en\/wp-json\/wp\/v2\/types\/product"}],"wp:featuredmedia":[{"embeddable":true,"href":"https:\/\/mobecor.ee\/en\/wp-json\/wp\/v2\/media\/10812"}],"wp:attachment":[{"href":"https:\/\/mobecor.ee\/en\/wp-json\/wp\/v2\/media?parent=20926"}],"wp:term":[{"taxonomy":"series","embeddable":true,"href":"https:\/\/mobecor.ee\/en\/wp-json\/wp\/v2\/series?post=20926"},{"taxonomy":"product_brand","embeddable":true,"href":"https:\/\/mobecor.ee\/en\/wp-json\/wp\/v2\/product_brand?post=20926"},{"taxonomy":"product_cat","embeddable":true,"href":"https:\/\/mobecor.ee\/en\/wp-json\/wp\/v2\/product_cat?post=20926"},{"taxonomy":"product_tag","embeddable":true,"href":"https:\/\/mobecor.ee\/en\/wp-json\/wp\/v2\/product_tag?post=20926"}],"curies":[{"name":"wp","href":"https:\/\/api.w.org\/{rel}","templated":true}]}}