{"id":20954,"date":"2025-05-05T11:25:02","date_gmt":"2025-05-05T11:25:02","guid":{"rendered":"https:\/\/mobecor.ee\/?post_type=product&#038;p=20954"},"modified":"2026-04-17T08:00:26","modified_gmt":"2026-04-17T05:00:26","slug":"tugitool-bali","status":"publish","type":"product","link":"https:\/\/mobecor.ee\/en\/toode\/tugitool-bali\/","title":{"rendered":"Tugitool Bali (90\/86\/86) kangas 0 gr."},"content":{"rendered":"<p>Tugitooli karkass on valmistatud oksavabast kuivast kodumaisest okaspuidust, lisaks on kasutatud kasevineeri ja puitkiudplaati.<br \/>\nIstumise osa ja k\u00e4etugede sisemise k\u00fclje katteks on kangas.<br \/>\nK\u00e4etugede v\u00e4lisk\u00fcljed, esipaneel ja tagasein on kaetud kangaga.<br \/>\nIstmes on kasutatud sik- sak vedrustust.<br \/>\nIstmepatjade sisuks on poroloon mis on kaetud pehme vatiiniga.<br \/>\nSeljatoe padi on t\u00e4idetud porolooni seguga.<br \/>\nTagak\u00fclg on viimistletud, saab paigutada keset tuba.<br \/>\nJalgade v\u00e4rv on valitav<span style=\"font-size: 10pt; line-height: 1.3em;\"><br \/>\n<\/span><\/p>\n","protected":false},"excerpt":{"rendered":"<p>Laius: 90 cm.<br \/>\nS\u00fcgavus:\u00a086 cm.<br \/>\nK\u00f5rgus:\u00a086 cm.<br \/>\nIstumisk\u00f5rgus:\u00a046 cm.<br \/>\nJala k\u00f5rgus: 11 cm.<br \/>\nTarneaeg: 4-8 n\u00e4dalat.<br \/>\nSuuremat kangavalikut n\u00e4eb Mobecori m\u00f6\u00f6blipoes V\u00f5rus.<\/p>\n","protected":false},"featured_media":10868,"template":"","meta":{"_acf_changed":false,"inline_featured_image":false},"series":[],"product_brand":[3505],"product_cat":[285],"product_tag":[],"class_list":{"0":"post-20954","1":"product","2":"type-product","3":"status-publish","4":"has-post-thumbnail","6":"product_brand-empak","7":"product_cat-tugitoolid","9":"first","10":"instock","11":"taxable","12":"shipping-taxable","13":"purchasable","14":"product-type-simple"},"acf":[],"_links":{"self":[{"href":"https:\/\/mobecor.ee\/en\/wp-json\/wp\/v2\/product\/20954","targetHints":{"allow":["GET"]}}],"collection":[{"href":"https:\/\/mobecor.ee\/en\/wp-json\/wp\/v2\/product"}],"about":[{"href":"https:\/\/mobecor.ee\/en\/wp-json\/wp\/v2\/types\/product"}],"wp:featuredmedia":[{"embeddable":true,"href":"https:\/\/mobecor.ee\/en\/wp-json\/wp\/v2\/media\/10868"}],"wp:attachment":[{"href":"https:\/\/mobecor.ee\/en\/wp-json\/wp\/v2\/media?parent=20954"}],"wp:term":[{"taxonomy":"series","embeddable":true,"href":"https:\/\/mobecor.ee\/en\/wp-json\/wp\/v2\/series?post=20954"},{"taxonomy":"product_brand","embeddable":true,"href":"https:\/\/mobecor.ee\/en\/wp-json\/wp\/v2\/product_brand?post=20954"},{"taxonomy":"product_cat","embeddable":true,"href":"https:\/\/mobecor.ee\/en\/wp-json\/wp\/v2\/product_cat?post=20954"},{"taxonomy":"product_tag","embeddable":true,"href":"https:\/\/mobecor.ee\/en\/wp-json\/wp\/v2\/product_tag?post=20954"}],"curies":[{"name":"wp","href":"https:\/\/api.w.org\/{rel}","templated":true}]}}