{"id":20971,"date":"2025-05-05T11:25:24","date_gmt":"2025-05-05T11:25:24","guid":{"rendered":"https:\/\/mobecor.ee\/?post_type=product&#038;p=20971"},"modified":"2025-08-08T08:51:49","modified_gmt":"2025-08-08T05:51:49","slug":"kinnitusklamber-kusetile-1-tk","status":"publish","type":"product","link":"https:\/\/mobecor.ee\/en\/toode\/kinnitusklamber-kusetile-1-tk\/","title":{"rendered":"Kinnitusklamber ku\u0161etile (2 tk.)"},"content":{"rendered":"<p><span style=\"font-size: 10pt;\">Kasutatakse kahe ku\u0161eti v\u00f5i voodiraami omavaheliseks \u00fchendamiseks, et moodustuks \u00fchtne voodi.<\/span><\/p>\n","protected":false},"excerpt":{"rendered":"<p>Kasutatakse kahe ku\u0161eti v\u00f5i voodiraami omavaheliseks \u00fchendamiseks, et moodustuks \u00fchtne voodi.<\/p>\n","protected":false},"featured_media":10710,"template":"","meta":{"_acf_changed":false,"inline_featured_image":false},"series":[],"product_brand":[2859],"product_cat":[445],"product_tag":[],"class_list":{"0":"post-20971","1":"product","2":"type-product","3":"status-publish","4":"has-post-thumbnail","6":"product_brand-sleepwell","7":"product_cat-jalad-1","9":"first","10":"instock","11":"taxable","12":"shipping-taxable","13":"purchasable","14":"product-type-simple"},"acf":[],"_links":{"self":[{"href":"https:\/\/mobecor.ee\/en\/wp-json\/wp\/v2\/product\/20971","targetHints":{"allow":["GET"]}}],"collection":[{"href":"https:\/\/mobecor.ee\/en\/wp-json\/wp\/v2\/product"}],"about":[{"href":"https:\/\/mobecor.ee\/en\/wp-json\/wp\/v2\/types\/product"}],"wp:featuredmedia":[{"embeddable":true,"href":"https:\/\/mobecor.ee\/en\/wp-json\/wp\/v2\/media\/10710"}],"wp:attachment":[{"href":"https:\/\/mobecor.ee\/en\/wp-json\/wp\/v2\/media?parent=20971"}],"wp:term":[{"taxonomy":"series","embeddable":true,"href":"https:\/\/mobecor.ee\/en\/wp-json\/wp\/v2\/series?post=20971"},{"taxonomy":"product_brand","embeddable":true,"href":"https:\/\/mobecor.ee\/en\/wp-json\/wp\/v2\/product_brand?post=20971"},{"taxonomy":"product_cat","embeddable":true,"href":"https:\/\/mobecor.ee\/en\/wp-json\/wp\/v2\/product_cat?post=20971"},{"taxonomy":"product_tag","embeddable":true,"href":"https:\/\/mobecor.ee\/en\/wp-json\/wp\/v2\/product_tag?post=20971"}],"curies":[{"name":"wp","href":"https:\/\/api.w.org\/{rel}","templated":true}]}}