{"id":20974,"date":"2025-05-05T11:25:25","date_gmt":"2025-05-05T11:25:25","guid":{"rendered":"https:\/\/mobecor.ee\/?post_type=product&#038;p=20974"},"modified":"2025-08-08T09:02:11","modified_gmt":"2025-08-08T06:02:11","slug":"umarad-puitjalad-18501","status":"publish","type":"product","link":"https:\/\/mobecor.ee\/en\/toode\/umarad-puitjalad-18501\/","title":{"rendered":"\u00dcmarad puitjalad (4 tk.\/kpl)"},"content":{"rendered":"<p><span style=\"font-size: 10pt;\">Kvaliteetsed puidust jalad.<\/span><br \/>\n<span style=\"font-size: 10pt;\">4 tk komplektis.<\/span><br \/>\n<span style=\"font-size: 10pt;\">Valikus 2 stiili:<br \/>\n\u00dcmmargused\u00a0puitjalad (v\u00e4rvus: kirss), k\u00f5rgused: 5, 12 ja 18 cm.<\/span><br \/>\n<span style=\"font-size: 10pt;\">Retro koonusjalad (v\u00e4rvus: p\u00f6\u00f6k), k\u00f5rgus 18 cm<\/span><\/p>\n","protected":false},"excerpt":{"rendered":"<p>Kvaliteetsed puidust jalad. 4 tk komplektis. Valikus 2 stiili: \u00dcmmargused\u00a0puitjalad (v\u00e4rvus: kirss), k\u00f5rgused: 5, 12 ja 18 cm. Retro koonusjalad&#8230;<\/p>\n","protected":false},"featured_media":10714,"template":"","meta":{"_acf_changed":false,"inline_featured_image":false},"series":[],"product_brand":[2859],"product_cat":[445],"product_tag":[],"class_list":{"0":"post-20974","1":"product","2":"type-product","3":"status-publish","4":"has-post-thumbnail","6":"product_brand-sleepwell","7":"product_cat-jalad-1","9":"first","10":"instock","11":"taxable","12":"shipping-taxable","13":"purchasable","14":"product-type-variable"},"acf":[],"_links":{"self":[{"href":"https:\/\/mobecor.ee\/en\/wp-json\/wp\/v2\/product\/20974","targetHints":{"allow":["GET"]}}],"collection":[{"href":"https:\/\/mobecor.ee\/en\/wp-json\/wp\/v2\/product"}],"about":[{"href":"https:\/\/mobecor.ee\/en\/wp-json\/wp\/v2\/types\/product"}],"wp:featuredmedia":[{"embeddable":true,"href":"https:\/\/mobecor.ee\/en\/wp-json\/wp\/v2\/media\/10714"}],"wp:attachment":[{"href":"https:\/\/mobecor.ee\/en\/wp-json\/wp\/v2\/media?parent=20974"}],"wp:term":[{"taxonomy":"series","embeddable":true,"href":"https:\/\/mobecor.ee\/en\/wp-json\/wp\/v2\/series?post=20974"},{"taxonomy":"product_brand","embeddable":true,"href":"https:\/\/mobecor.ee\/en\/wp-json\/wp\/v2\/product_brand?post=20974"},{"taxonomy":"product_cat","embeddable":true,"href":"https:\/\/mobecor.ee\/en\/wp-json\/wp\/v2\/product_cat?post=20974"},{"taxonomy":"product_tag","embeddable":true,"href":"https:\/\/mobecor.ee\/en\/wp-json\/wp\/v2\/product_tag?post=20974"}],"curies":[{"name":"wp","href":"https:\/\/api.w.org\/{rel}","templated":true}]}}