{"id":20986,"date":"2025-05-05T11:25:54","date_gmt":"2025-05-05T11:25:54","guid":{"rendered":"https:\/\/mobecor.ee\/?post_type=product&#038;p=20986"},"modified":"2026-02-26T07:25:39","modified_gmt":"2026-02-26T05:25:39","slug":"pikendatav-soogilaud-max-7-80-80-110","status":"publish","type":"product","link":"https:\/\/mobecor.ee\/en\/toode\/pikendatav-soogilaud-max-7-80-80-110\/","title":{"rendered":"Pikendatav s\u00f6\u00f6gilaud Max 7 (80*80\/110)"},"content":{"rendered":"<p>S\u00f6\u00f6gilaua plaat on valmistatud lamineeritud m\u00f6\u00f6bliplaadist.<br \/>\nKarkass on valmistatud p\u00f6\u00f6gipuidust.<br \/>\nPikendatav kuni 125 cm.<br \/>\nLauaplaadi v\u00e4rvivalik: p\u00e4hkel; valge; sonoma; grandson.<br \/>\nJalgade v\u00e4rvivalik: p\u00e4hkel; valge; sonoma; grandson; must.<br \/>\nToodetud: Poolas.<span style=\"font-size: 14px; line-height: 1.3em;\"><br \/>\n<\/span><\/p>\n","protected":false},"excerpt":{"rendered":"<p>Laius: 80\/110 cm.<br \/>\nS\u00fcgavus: 80 cm<br \/>\nK\u00f5rgus: 76 cm.<br \/>\nTarneaeg: 4-8 n\u00e4dalat.<\/p>\n","protected":false},"featured_media":51206,"template":"","meta":{"_acf_changed":false,"inline_featured_image":false},"series":[],"product_brand":[2956],"product_cat":[219],"product_tag":[],"class_list":{"0":"post-20986","1":"product","2":"type-product","3":"status-publish","4":"has-post-thumbnail","6":"product_brand-drewmix","7":"product_cat-soogilauad","9":"first","10":"instock","11":"taxable","12":"shipping-taxable","13":"purchasable","14":"product-type-simple"},"acf":[],"_links":{"self":[{"href":"https:\/\/mobecor.ee\/en\/wp-json\/wp\/v2\/product\/20986","targetHints":{"allow":["GET"]}}],"collection":[{"href":"https:\/\/mobecor.ee\/en\/wp-json\/wp\/v2\/product"}],"about":[{"href":"https:\/\/mobecor.ee\/en\/wp-json\/wp\/v2\/types\/product"}],"wp:featuredmedia":[{"embeddable":true,"href":"https:\/\/mobecor.ee\/en\/wp-json\/wp\/v2\/media\/51206"}],"wp:attachment":[{"href":"https:\/\/mobecor.ee\/en\/wp-json\/wp\/v2\/media?parent=20986"}],"wp:term":[{"taxonomy":"series","embeddable":true,"href":"https:\/\/mobecor.ee\/en\/wp-json\/wp\/v2\/series?post=20986"},{"taxonomy":"product_brand","embeddable":true,"href":"https:\/\/mobecor.ee\/en\/wp-json\/wp\/v2\/product_brand?post=20986"},{"taxonomy":"product_cat","embeddable":true,"href":"https:\/\/mobecor.ee\/en\/wp-json\/wp\/v2\/product_cat?post=20986"},{"taxonomy":"product_tag","embeddable":true,"href":"https:\/\/mobecor.ee\/en\/wp-json\/wp\/v2\/product_tag?post=20986"}],"curies":[{"name":"wp","href":"https:\/\/api.w.org\/{rel}","templated":true}]}}