{"id":21000,"date":"2025-05-05T11:26:46","date_gmt":"2025-05-05T11:26:46","guid":{"rendered":"https:\/\/mobecor.ee\/?post_type=product&#038;p=21000"},"modified":"2026-02-26T09:10:00","modified_gmt":"2026-02-26T07:10:00","slug":"pikendatav-soogilaud-modena-1-80-140-180","status":"publish","type":"product","link":"https:\/\/mobecor.ee\/en\/toode\/pikendatav-soogilaud-modena-1-80-140-180\/","title":{"rendered":"Pikendatav s\u00f6\u00f6gilaud Modena 1 (80*140\/180)"},"content":{"rendered":"<p>Pikendatava s\u00f6\u00f6gilaua plaat on valmistatud lamineeritud m\u00f6\u00f6bliplaadist.<br \/>\nKarkass on valmistatud p\u00f6\u00f6gipuidust.<br \/>\nPikendatav kuni\u00a0180 cm.<br \/>\nLauaplaadi v\u00e4rvivalik: p\u00e4hkel; p\u00e4hkel hele; valge; sonoma; grandson; wotan; artisan; ka\u0161miir.<br \/>\nJalgade v\u00e4rvivalik: p\u00e4hkel; p\u00e4hkel hele; valge; sonoma; grandson; artisan; ka\u0161miir.<br \/>\nToodetod: Poolas.<span style=\"font-size: 14px; line-height: 1.3em;\"><br \/>\n<\/span><\/p>\n","protected":false},"excerpt":{"rendered":"<p>Laius: 140\/180 cm.<br \/>\nS\u00fcgavus: 80 cm.<br \/>\nK\u00f5rgus: 78 cm.<br \/>\nLauaplaadi paksus: 32 mm.<br \/>\nTarneaeg: 4-8 n\u00e4dalat.<\/p>\n","protected":false},"featured_media":10766,"template":"","meta":{"_acf_changed":false,"inline_featured_image":false},"series":[],"product_brand":[2956],"product_cat":[219],"product_tag":[],"class_list":{"0":"post-21000","1":"product","2":"type-product","3":"status-publish","4":"has-post-thumbnail","6":"product_brand-drewmix","7":"product_cat-soogilauad","9":"first","10":"instock","11":"taxable","12":"shipping-taxable","13":"purchasable","14":"product-type-simple"},"acf":[],"_links":{"self":[{"href":"https:\/\/mobecor.ee\/en\/wp-json\/wp\/v2\/product\/21000","targetHints":{"allow":["GET"]}}],"collection":[{"href":"https:\/\/mobecor.ee\/en\/wp-json\/wp\/v2\/product"}],"about":[{"href":"https:\/\/mobecor.ee\/en\/wp-json\/wp\/v2\/types\/product"}],"wp:featuredmedia":[{"embeddable":true,"href":"https:\/\/mobecor.ee\/en\/wp-json\/wp\/v2\/media\/10766"}],"wp:attachment":[{"href":"https:\/\/mobecor.ee\/en\/wp-json\/wp\/v2\/media?parent=21000"}],"wp:term":[{"taxonomy":"series","embeddable":true,"href":"https:\/\/mobecor.ee\/en\/wp-json\/wp\/v2\/series?post=21000"},{"taxonomy":"product_brand","embeddable":true,"href":"https:\/\/mobecor.ee\/en\/wp-json\/wp\/v2\/product_brand?post=21000"},{"taxonomy":"product_cat","embeddable":true,"href":"https:\/\/mobecor.ee\/en\/wp-json\/wp\/v2\/product_cat?post=21000"},{"taxonomy":"product_tag","embeddable":true,"href":"https:\/\/mobecor.ee\/en\/wp-json\/wp\/v2\/product_tag?post=21000"}],"curies":[{"name":"wp","href":"https:\/\/api.w.org\/{rel}","templated":true}]}}