{"id":21013,"date":"2025-05-05T11:27:19","date_gmt":"2025-05-05T11:27:19","guid":{"rendered":"https:\/\/mobecor.ee\/?post_type=product&#038;p=21013"},"modified":"2026-04-07T14:37:04","modified_gmt":"2026-04-07T11:37:04","slug":"nurgadiivanvoodi-selva-mini","status":"publish","type":"product","link":"https:\/\/mobecor.ee\/en\/toode\/nurgadiivanvoodi-selva-mini\/","title":{"rendered":"Nurgadiivanvoodi Selva mini (270\/173)"},"content":{"rendered":"<p>Nurgadiivanvoodil on sik-sak vedrustus.<br \/>\nV\u00e4ljaulatuva osa (nurga) all on pesukast.<br \/>\nMagamiseks avaneb lihtsalt\u00a0ja sobib igap\u00e4evaseks magamiseks.<br \/>\nToodetud: Poolas.<br \/>\nNB! Hind kehtib I grupi kangastega (piltidel I grupi kangad).<br \/>\nSuuremat kangavalikut on v\u00f5imalik n\u00e4ha Mobecori m\u00f6\u00f6blipoes V\u00f5rus.<span style=\"font-size: 14px;\"><br \/>\n<\/span><\/p>\n","protected":false},"excerpt":{"rendered":"<p>Laius: 270 cm.<br \/>\nS\u00fcgavus:\u00a097\/173 cm.<br \/>\nK\u00f5rgus:\u00a075\/95 cm.<br \/>\nIstumisk\u00f5rgus:\u00a045 cm.<br \/>\nMagamisosa :\u00a0122 x\u00a0216 cm.<br \/>\nPesukast:\u00a0164 x\u00a095 x 16 cm.<br \/>\nJala k\u00f5rgus: 10 cm.<br \/>\nTarneaeg: 10-16 n\u00e4dalat.<\/p>\n","protected":false},"featured_media":10610,"template":"","meta":{"_acf_changed":false,"inline_featured_image":false},"series":[],"product_brand":[2955],"product_cat":[213],"product_tag":[],"class_list":{"0":"post-21013","1":"product","2":"type-product","3":"status-publish","4":"has-post-thumbnail","6":"product_brand-wersal","7":"product_cat-nurgadiivanid","9":"first","10":"instock","11":"taxable","12":"shipping-taxable","13":"purchasable","14":"product-type-simple"},"acf":[],"_links":{"self":[{"href":"https:\/\/mobecor.ee\/en\/wp-json\/wp\/v2\/product\/21013","targetHints":{"allow":["GET"]}}],"collection":[{"href":"https:\/\/mobecor.ee\/en\/wp-json\/wp\/v2\/product"}],"about":[{"href":"https:\/\/mobecor.ee\/en\/wp-json\/wp\/v2\/types\/product"}],"wp:featuredmedia":[{"embeddable":true,"href":"https:\/\/mobecor.ee\/en\/wp-json\/wp\/v2\/media\/10610"}],"wp:attachment":[{"href":"https:\/\/mobecor.ee\/en\/wp-json\/wp\/v2\/media?parent=21013"}],"wp:term":[{"taxonomy":"series","embeddable":true,"href":"https:\/\/mobecor.ee\/en\/wp-json\/wp\/v2\/series?post=21013"},{"taxonomy":"product_brand","embeddable":true,"href":"https:\/\/mobecor.ee\/en\/wp-json\/wp\/v2\/product_brand?post=21013"},{"taxonomy":"product_cat","embeddable":true,"href":"https:\/\/mobecor.ee\/en\/wp-json\/wp\/v2\/product_cat?post=21013"},{"taxonomy":"product_tag","embeddable":true,"href":"https:\/\/mobecor.ee\/en\/wp-json\/wp\/v2\/product_tag?post=21013"}],"curies":[{"name":"wp","href":"https:\/\/api.w.org\/{rel}","templated":true}]}}