{"id":21021,"date":"2025-05-05T11:27:52","date_gmt":"2025-05-05T11:27:52","guid":{"rendered":"https:\/\/mobecor.ee\/?post_type=product&#038;p=21021"},"modified":"2026-03-27T11:07:12","modified_gmt":"2026-03-27T09:07:12","slug":"diivanilaud-glamour-41","status":"publish","type":"product","link":"https:\/\/mobecor.ee\/en\/toode\/diivanilaud-glamour-41\/","title":{"rendered":"Diivanilaud Glamour 41 (110\/60\/48)"},"content":{"rendered":"<p>Lauaplaadi materjal: naturaalse spooniga puitlaastplaat.<br \/>\nLauajalad: p\u00f6\u00f6gipuidust.<br \/>\nV\u00e4rv: valge\/mocca.<br \/>\nLaius:\u00a0110 cm.<br \/>\nS\u00fcgavus:\u00a060 cm.<br \/>\nK\u00f5rgus:\u00a048 cm.<br \/>\n<strong>Tarneaeg: kohe olemas V\u00f5ru laos ja Tartu poes.<\/strong><br \/>\nNB! Antud toode on tootmisest v\u00e4ljas ja juurde tellida ei saa. Laos viimased.<\/p>\n","protected":false},"excerpt":{"rendered":"<p>Lauaplaadi materjal: naturaalse spooniga puitlaastplaat. Lauajalad: p\u00f6\u00f6gipuidust. V\u00e4rv: valge\/mocca. Laius:\u00a0110 cm. S\u00fcgavus:\u00a060 cm. K\u00f5rgus:\u00a048 cm. Tarneaeg: kohe olemas V\u00f5ru laos&#8230;<\/p>\n","protected":false},"featured_media":10626,"template":"","meta":{"_acf_changed":false,"inline_featured_image":false},"series":[],"product_brand":[2941],"product_cat":[37,2929,4020],"product_tag":[],"class_list":{"0":"post-21021","1":"product","2":"type-product","3":"status-publish","4":"has-post-thumbnail","6":"product_brand-szynaka","7":"product_cat-diivanilauad","8":"product_cat-diivanilauad-laos","9":"product_cat-kohe-olemas-tartu-poes","11":"first","12":"instock","13":"sale","14":"taxable","15":"shipping-taxable","16":"purchasable","17":"product-type-simple"},"acf":[],"_links":{"self":[{"href":"https:\/\/mobecor.ee\/en\/wp-json\/wp\/v2\/product\/21021","targetHints":{"allow":["GET"]}}],"collection":[{"href":"https:\/\/mobecor.ee\/en\/wp-json\/wp\/v2\/product"}],"about":[{"href":"https:\/\/mobecor.ee\/en\/wp-json\/wp\/v2\/types\/product"}],"wp:featuredmedia":[{"embeddable":true,"href":"https:\/\/mobecor.ee\/en\/wp-json\/wp\/v2\/media\/10626"}],"wp:attachment":[{"href":"https:\/\/mobecor.ee\/en\/wp-json\/wp\/v2\/media?parent=21021"}],"wp:term":[{"taxonomy":"series","embeddable":true,"href":"https:\/\/mobecor.ee\/en\/wp-json\/wp\/v2\/series?post=21021"},{"taxonomy":"product_brand","embeddable":true,"href":"https:\/\/mobecor.ee\/en\/wp-json\/wp\/v2\/product_brand?post=21021"},{"taxonomy":"product_cat","embeddable":true,"href":"https:\/\/mobecor.ee\/en\/wp-json\/wp\/v2\/product_cat?post=21021"},{"taxonomy":"product_tag","embeddable":true,"href":"https:\/\/mobecor.ee\/en\/wp-json\/wp\/v2\/product_tag?post=21021"}],"curies":[{"name":"wp","href":"https:\/\/api.w.org\/{rel}","templated":true}]}}