{"id":21022,"date":"2025-05-05T11:27:56","date_gmt":"2025-05-05T11:27:56","guid":{"rendered":"https:\/\/mobecor.ee\/?post_type=product&#038;p=21022"},"modified":"2026-03-27T11:06:14","modified_gmt":"2026-03-27T09:06:14","slug":"vitriinkapp-glamour-15","status":"publish","type":"product","link":"https:\/\/mobecor.ee\/en\/toode\/vitriinkapp-glamour-15\/","title":{"rendered":"Vitriinkapp Glamour 15 (97\/42\/138)"},"content":{"rendered":"<p>Vitriinkapil on 2 ust.<br \/>\n1 uks on osaliselt klaasiga.<br \/>\nMaterjal: naturaalse spooniga puitlaastplaat + karastatud klaas.<br \/>\nJalad: p\u00f6\u00f6gipuidust.<br \/>\nK\u00e4epidemed: metallist.<br \/>\nVitriinkapi v\u00e4rv: valge\/mocca.<br \/>\nLaius:\u00a097 cm.<br \/>\nS\u00fcgavus:\u00a042 cm.<br \/>\nK\u00f5rgus:\u00a0138 cm.<br \/>\n<strong>Tarneaeg: kohe olemas V\u00f5ru laos ja Tartu poes.<\/strong><\/p>\n","protected":false},"excerpt":{"rendered":"<p>Vitriinkapil on 2 ust. 1 uks on osaliselt klaasiga. Materjal: naturaalse spooniga puitlaastplaat + karastatud klaas. Jalad: p\u00f6\u00f6gipuidust. K\u00e4epidemed: metallist&#8230;.<\/p>\n","protected":false},"featured_media":10628,"template":"","meta":{"_acf_changed":false,"inline_featured_image":false},"series":[],"product_brand":[2941],"product_cat":[4020,33,2925],"product_tag":[],"class_list":{"0":"post-21022","1":"product","2":"type-product","3":"status-publish","4":"has-post-thumbnail","6":"product_brand-szynaka","7":"product_cat-kohe-olemas-tartu-poes","8":"product_cat-vitriinid","9":"product_cat-vitriinkapid-ja-seinakapid-laos","11":"first","12":"instock","13":"sale","14":"taxable","15":"shipping-taxable","16":"purchasable","17":"product-type-simple"},"acf":[],"_links":{"self":[{"href":"https:\/\/mobecor.ee\/en\/wp-json\/wp\/v2\/product\/21022","targetHints":{"allow":["GET"]}}],"collection":[{"href":"https:\/\/mobecor.ee\/en\/wp-json\/wp\/v2\/product"}],"about":[{"href":"https:\/\/mobecor.ee\/en\/wp-json\/wp\/v2\/types\/product"}],"wp:featuredmedia":[{"embeddable":true,"href":"https:\/\/mobecor.ee\/en\/wp-json\/wp\/v2\/media\/10628"}],"wp:attachment":[{"href":"https:\/\/mobecor.ee\/en\/wp-json\/wp\/v2\/media?parent=21022"}],"wp:term":[{"taxonomy":"series","embeddable":true,"href":"https:\/\/mobecor.ee\/en\/wp-json\/wp\/v2\/series?post=21022"},{"taxonomy":"product_brand","embeddable":true,"href":"https:\/\/mobecor.ee\/en\/wp-json\/wp\/v2\/product_brand?post=21022"},{"taxonomy":"product_cat","embeddable":true,"href":"https:\/\/mobecor.ee\/en\/wp-json\/wp\/v2\/product_cat?post=21022"},{"taxonomy":"product_tag","embeddable":true,"href":"https:\/\/mobecor.ee\/en\/wp-json\/wp\/v2\/product_tag?post=21022"}],"curies":[{"name":"wp","href":"https:\/\/api.w.org\/{rel}","templated":true}]}}