{"id":21030,"date":"2025-05-05T11:28:28","date_gmt":"2025-05-05T11:28:28","guid":{"rendered":"https:\/\/mobecor.ee\/?post_type=product&#038;p=21030"},"modified":"2026-03-10T09:58:26","modified_gmt":"2026-03-10T07:58:26","slug":"blue-children-plus-vedrumadrats-1","status":"publish","type":"product","link":"https:\/\/mobecor.ee\/en\/toode\/blue-children-plus-vedrumadrats-1\/","title":{"rendered":"Blue Children Plus vedrumadrats"},"content":{"rendered":"<p><span style=\"font-size: 10pt;\">Madratsi m\u00f5lemad pooled on vooderdatud kvaliteetse porolooniga (2 cm).<\/span><br \/>\n<span style=\"font-size: 10pt;\">Hele madratsikate on valmistatud pehmest, nahas\u00f5bralikust ja \u00f5hku l\u00e4bilaskvast stret\u0161-kangast, mis on h\u00f5lpsasti lukuga eemaldatav ja pestav kuni 40-kraadises vees.<\/span><br \/>\n<span style=\"font-size: 10pt;\">Kangas on erilise Sensity\u2122 t\u00f6\u00f6tlusega, mis takistab tolmulestade, hallituse ja kahjulike bakterite teket ning neutraliseerib ebameeldivad l\u00f5hnad. <\/span><br \/>\n<span style=\"font-size: 10pt;\">Sinu lapse v\u00e4rske ja tervislik uni on garanteeritud.<\/span><br \/>\n<span style=\"font-size: 10pt;\">Saadaval on m\u00f5\u00f5dud 70&#215;155, 80&#215;160, 80&#215;180, 80&#215;200 ja 90&#215;200. <\/span><br \/>\n<span style=\"font-size: 10pt;\">V\u00f5imalik on tellida ka erim\u00f5\u00f5dus tooteid.<\/span><br \/>\n<span style=\"font-size: 10pt;\">Madratsi k\u00f5rgus: 12 cm.<\/span><br \/>\n<span style=\"font-size: 10pt;\">Toode on disainitud ja toodetud Eestis.<\/span><br \/>\n<span style=\"font-size: 10pt;\">Sleepwelli toodetes kasutatavad materjalid nagu kangas, puuvill, vill ja vatiin vastavad rahvusvahelisele \u00d6ko-Tex 100 standardile.<\/span><\/p>\n","protected":false},"excerpt":{"rendered":"<p><span style=\"font-size: 10pt;\">Lustaka lambamustriga vedrumadrats lastele, millel on vastupidav mini-pocket vedrustus.<br \/>\nTarneaeg: 2 kuni 4 n\u00e4dalat.<\/span><\/p>\n","protected":false},"featured_media":10642,"template":"","meta":{"_acf_changed":false,"inline_featured_image":false},"series":[],"product_brand":[2859],"product_cat":[96],"product_tag":[],"class_list":{"0":"post-21030","1":"product","2":"type-product","3":"status-publish","4":"has-post-thumbnail","6":"product_brand-sleepwell","7":"product_cat-blue-sari","9":"first","10":"instock","11":"taxable","12":"shipping-taxable","13":"purchasable","14":"product-type-variable"},"acf":[],"_links":{"self":[{"href":"https:\/\/mobecor.ee\/en\/wp-json\/wp\/v2\/product\/21030","targetHints":{"allow":["GET"]}}],"collection":[{"href":"https:\/\/mobecor.ee\/en\/wp-json\/wp\/v2\/product"}],"about":[{"href":"https:\/\/mobecor.ee\/en\/wp-json\/wp\/v2\/types\/product"}],"wp:featuredmedia":[{"embeddable":true,"href":"https:\/\/mobecor.ee\/en\/wp-json\/wp\/v2\/media\/10642"}],"wp:attachment":[{"href":"https:\/\/mobecor.ee\/en\/wp-json\/wp\/v2\/media?parent=21030"}],"wp:term":[{"taxonomy":"series","embeddable":true,"href":"https:\/\/mobecor.ee\/en\/wp-json\/wp\/v2\/series?post=21030"},{"taxonomy":"product_brand","embeddable":true,"href":"https:\/\/mobecor.ee\/en\/wp-json\/wp\/v2\/product_brand?post=21030"},{"taxonomy":"product_cat","embeddable":true,"href":"https:\/\/mobecor.ee\/en\/wp-json\/wp\/v2\/product_cat?post=21030"},{"taxonomy":"product_tag","embeddable":true,"href":"https:\/\/mobecor.ee\/en\/wp-json\/wp\/v2\/product_tag?post=21030"}],"curies":[{"name":"wp","href":"https:\/\/api.w.org\/{rel}","templated":true}]}}