{"id":21031,"date":"2025-05-05T11:28:33","date_gmt":"2025-05-05T11:28:33","guid":{"rendered":"https:\/\/mobecor.ee\/?post_type=product&#038;p=21031"},"modified":"2026-03-10T10:31:55","modified_gmt":"2026-03-10T08:31:55","slug":"red-pocket-vedrumadrats","status":"publish","type":"product","link":"https:\/\/mobecor.ee\/en\/toode\/red-pocket-vedrumadrats\/","title":{"rendered":"Red Pocket vedrumadrats"},"content":{"rendered":"<p>Lisamugavust pakub \u00fchel pool vill (talve pool), teisel puuvill (suve pool).<br \/>\nKangas on erilise Sensity\u2122 t\u00f6\u00f6tlusega, mis takistab tolmulestade, hallituse ja kahjulike bakterite teket ning neutraliseerib ebameeldivad l\u00f5hnad.<br \/>\nV\u00f5imalik valida vedru j\u00e4ikust \u2013 j\u00e4ik (2,0\/2,1 mm), keskmine (1,9\/2,0 mm) v\u00f5i pehme (1,8\/1,9 mm).<br \/>\nMadratsikate on eemaldatav ja pestav kuni 40-kraadises vees.<br \/>\nSaadaval on m\u00f5\u00f5dud 80&#215;200, 90&#215;200, 120&#215;200, 140&#215;200, 160&#215;200 ja 180&#215;200.<br \/>\nMadratsi k\u00f5rgus: 22 cm.<br \/>\nMadratsile soovitame juurde lisada ka <a href=\"https:\/\/mobecor.ee\/tootekategooria\/magamistuba\/madratsid-ja-voodid\/sleepwell_uus\/kattemadratsid-1\/\" target=\"_blank\" rel=\"noopener noreferrer\">Sleepwelli kattemadratsi<\/a>, mis loob t\u00e4iendava lisamugavuse, kaitseb madratsit, pikendab selle eluiga ning aitab kaasa heale voodih\u00fcgieenile.<br \/>\nToode on disainitud ja toodetud Eestis.<br \/>\nPorolooni on heaks kiitnud Eesti Allergialiit. Sleepwelli toodetes kasutatavad materjalid nagu kangas, puuvill, vill ja vatiin vastavad rahvusvahelisele \u00d6ko-Tex 100 standardile.<\/p>\n","protected":false},"excerpt":{"rendered":"<p>T\u00f5eliselt mugav ja kvaliteetne vedrumadrats, mille sisuks on pakitud 5-tsooniline pocket-vedrustus. Madratsi m\u00f5lemad pooled on vooderdatud Tiger Touch porolooniga (3 cm), mis on materjalit\u00f6\u00f6stuse viimane s\u00f5na &#8211; laseb h\u00e4sti \u00f5hul liikuda ning moodustab m\u00f5nusalt vetruva, keha toetava vormi.<br \/>\nTarneaeg: 2 kuni 4 n\u00e4dalat.<\/p>\n","protected":false},"featured_media":10644,"template":"","meta":{"_acf_changed":false,"inline_featured_image":false},"series":[],"product_brand":[2859],"product_cat":[99],"product_tag":[],"class_list":{"0":"post-21031","1":"product","2":"type-product","3":"status-publish","4":"has-post-thumbnail","6":"product_brand-sleepwell","7":"product_cat-red-sari","9":"first","10":"instock","11":"taxable","12":"shipping-taxable","13":"purchasable","14":"product-type-variable"},"acf":[],"_links":{"self":[{"href":"https:\/\/mobecor.ee\/en\/wp-json\/wp\/v2\/product\/21031","targetHints":{"allow":["GET"]}}],"collection":[{"href":"https:\/\/mobecor.ee\/en\/wp-json\/wp\/v2\/product"}],"about":[{"href":"https:\/\/mobecor.ee\/en\/wp-json\/wp\/v2\/types\/product"}],"wp:featuredmedia":[{"embeddable":true,"href":"https:\/\/mobecor.ee\/en\/wp-json\/wp\/v2\/media\/10644"}],"wp:attachment":[{"href":"https:\/\/mobecor.ee\/en\/wp-json\/wp\/v2\/media?parent=21031"}],"wp:term":[{"taxonomy":"series","embeddable":true,"href":"https:\/\/mobecor.ee\/en\/wp-json\/wp\/v2\/series?post=21031"},{"taxonomy":"product_brand","embeddable":true,"href":"https:\/\/mobecor.ee\/en\/wp-json\/wp\/v2\/product_brand?post=21031"},{"taxonomy":"product_cat","embeddable":true,"href":"https:\/\/mobecor.ee\/en\/wp-json\/wp\/v2\/product_cat?post=21031"},{"taxonomy":"product_tag","embeddable":true,"href":"https:\/\/mobecor.ee\/en\/wp-json\/wp\/v2\/product_tag?post=21031"}],"curies":[{"name":"wp","href":"https:\/\/api.w.org\/{rel}","templated":true}]}}