{"id":21034,"date":"2025-05-05T11:28:48","date_gmt":"2025-05-05T11:28:48","guid":{"rendered":"https:\/\/mobecor.ee\/?post_type=product&#038;p=21034"},"modified":"2026-03-10T10:38:50","modified_gmt":"2026-03-10T08:38:50","slug":"red-orthopedic-vedrumadrats","status":"publish","type":"product","link":"https:\/\/mobecor.ee\/en\/toode\/red-orthopedic-vedrumadrats\/","title":{"rendered":"Red Orthopedic vedrumadrats"},"content":{"rendered":"<p>\u00dchel poolel on j\u00e4ik naturaalsetest kookosp\u00e4hkli kiududest valmistatud kiht (2 cm).<br \/>\nTeisel Tiger Touch poroloon (3 cm), mis on materjalit\u00f6\u00f6stuse viimane s\u00f5na &#8211; laseb h\u00e4sti \u00f5hul liikuda ning moodustab m\u00f5nusalt vetruva, keha toetava vormi.<br \/>\nLisamugavust pakub madratsi m\u00f5lemal poolel puuvill.<br \/>\nLoodusliku bambuse kiude sisaldav kangas juhib h\u00e4sti niiskust ning v\u00e4hendab higistamise ohtu.<br \/>\nMadratsikate on eemaldatav ja pestav kuni 40-kraadises vees.<br \/>\nSaadaval on m\u00f5\u00f5dud 80&#215;200, 90&#215;200, 120&#215;200, 140&#215;200, 160&#215;200 ja 180&#215;200.<br \/>\nMadratsi k\u00f5rgus: 21 cm.<br \/>\nMadratsile soovitame juurde lisada ka Sleepwelli <a href=\"https:\/\/mobecor.ee\/tootekategooria\/magamistuba\/madratsid-ja-voodid\/sleepwell_uus\/kattemadratsid-1\/\" target=\"_blank\" rel=\"noopener noreferrer\">kattemadratsi<\/a>, mis loob t\u00e4iendava lisamugavuse, kaitseb madratsit, pikendab selle eluiga ning aitab kaasa heale voodih\u00fcgieenile.<br \/>\nToode on disainitud ja toodetud Eestis.<br \/>\nPorolooni on heaks kiitnud Eesti Allergialiit. Sleepwelli toodetes kasutatavad materjalid nagu kangas, puuvill, vill ja vatiin vastavad rahvusvahelisele \u00d6ko-Tex 100 standardile.<\/p>\n","protected":false},"excerpt":{"rendered":"<p>K\u00f5ikide j\u00e4iga aseme austajate unelmate madrats, mille sisuks on pakitud 5-tsooniline pocket-vedrustus (2,0\/2,1 mm).<br \/>\nTarneaeg: 2 kuni 4 n\u00e4dalat.<\/p>\n","protected":false},"featured_media":10650,"template":"","meta":{"_acf_changed":false,"inline_featured_image":false},"series":[],"product_brand":[2859],"product_cat":[99],"product_tag":[],"class_list":{"0":"post-21034","1":"product","2":"type-product","3":"status-publish","4":"has-post-thumbnail","6":"product_brand-sleepwell","7":"product_cat-red-sari","9":"first","10":"instock","11":"taxable","12":"shipping-taxable","13":"purchasable","14":"product-type-variable"},"acf":[],"_links":{"self":[{"href":"https:\/\/mobecor.ee\/en\/wp-json\/wp\/v2\/product\/21034","targetHints":{"allow":["GET"]}}],"collection":[{"href":"https:\/\/mobecor.ee\/en\/wp-json\/wp\/v2\/product"}],"about":[{"href":"https:\/\/mobecor.ee\/en\/wp-json\/wp\/v2\/types\/product"}],"wp:featuredmedia":[{"embeddable":true,"href":"https:\/\/mobecor.ee\/en\/wp-json\/wp\/v2\/media\/10650"}],"wp:attachment":[{"href":"https:\/\/mobecor.ee\/en\/wp-json\/wp\/v2\/media?parent=21034"}],"wp:term":[{"taxonomy":"series","embeddable":true,"href":"https:\/\/mobecor.ee\/en\/wp-json\/wp\/v2\/series?post=21034"},{"taxonomy":"product_brand","embeddable":true,"href":"https:\/\/mobecor.ee\/en\/wp-json\/wp\/v2\/product_brand?post=21034"},{"taxonomy":"product_cat","embeddable":true,"href":"https:\/\/mobecor.ee\/en\/wp-json\/wp\/v2\/product_cat?post=21034"},{"taxonomy":"product_tag","embeddable":true,"href":"https:\/\/mobecor.ee\/en\/wp-json\/wp\/v2\/product_tag?post=21034"}],"curies":[{"name":"wp","href":"https:\/\/api.w.org\/{rel}","templated":true}]}}