{"id":21038,"date":"2025-05-05T11:29:08","date_gmt":"2025-05-05T11:29:08","guid":{"rendered":"https:\/\/mobecor.ee\/?post_type=product&#038;p=21038"},"modified":"2025-12-03T15:14:18","modified_gmt":"2025-12-03T13:14:18","slug":"red-black-continental-kontinentaalvoodi-vooditasku","status":"publish","type":"product","link":"https:\/\/mobecor.ee\/en\/toode\/red-black-continental-kontinentaalvoodi-vooditasku\/","title":{"rendered":"Red\/Black Continental kontinentaalvoodi vooditasku"},"content":{"rendered":"<p>Kontinentaalvoodi taskul on kaks erineva suurusega taskut ning selle tagumine pool on spetsiaalsest mittelibisevast poroloonvahust.<br \/>\nHaakub h\u00e4sti katte- ja vedrumadratsi vahel.<br \/>\nSaadaval k\u00f5igis RED ja BLACK sarja v\u00e4rvitoonides.<\/p>\n","protected":false},"excerpt":{"rendered":"<p>Mugav lahendus asjade hoidmiseks voodi k\u00fcljel.<br \/>\nM\u00f5\u00f5dud 68\u00d734 cm.<br \/>\nTarneaeg: 4-6 n\u00e4dalat.<\/p>\n","protected":false},"featured_media":10658,"template":"","meta":{"_acf_changed":false,"inline_featured_image":false},"series":[],"product_brand":[2859],"product_cat":[453],"product_tag":[],"class_list":{"0":"post-21038","1":"product","2":"type-product","3":"status-publish","4":"has-post-thumbnail","6":"product_brand-sleepwell","7":"product_cat-voodi-lisatarvikud","9":"first","10":"instock","11":"taxable","12":"shipping-taxable","13":"purchasable","14":"product-type-simple"},"acf":[],"_links":{"self":[{"href":"https:\/\/mobecor.ee\/en\/wp-json\/wp\/v2\/product\/21038","targetHints":{"allow":["GET"]}}],"collection":[{"href":"https:\/\/mobecor.ee\/en\/wp-json\/wp\/v2\/product"}],"about":[{"href":"https:\/\/mobecor.ee\/en\/wp-json\/wp\/v2\/types\/product"}],"wp:featuredmedia":[{"embeddable":true,"href":"https:\/\/mobecor.ee\/en\/wp-json\/wp\/v2\/media\/10658"}],"wp:attachment":[{"href":"https:\/\/mobecor.ee\/en\/wp-json\/wp\/v2\/media?parent=21038"}],"wp:term":[{"taxonomy":"series","embeddable":true,"href":"https:\/\/mobecor.ee\/en\/wp-json\/wp\/v2\/series?post=21038"},{"taxonomy":"product_brand","embeddable":true,"href":"https:\/\/mobecor.ee\/en\/wp-json\/wp\/v2\/product_brand?post=21038"},{"taxonomy":"product_cat","embeddable":true,"href":"https:\/\/mobecor.ee\/en\/wp-json\/wp\/v2\/product_cat?post=21038"},{"taxonomy":"product_tag","embeddable":true,"href":"https:\/\/mobecor.ee\/en\/wp-json\/wp\/v2\/product_tag?post=21038"}],"curies":[{"name":"wp","href":"https:\/\/api.w.org\/{rel}","templated":true}]}}