{"id":21039,"date":"2025-05-05T11:29:08","date_gmt":"2025-05-05T11:29:08","guid":{"rendered":"https:\/\/mobecor.ee\/?post_type=product&#038;p=21039"},"modified":"2026-03-10T10:46:59","modified_gmt":"2026-03-10T08:46:59","slug":"black-orthopedic-vedrumadrats","status":"publish","type":"product","link":"https:\/\/mobecor.ee\/en\/toode\/black-orthopedic-vedrumadrats\/","title":{"rendered":"Black Orthopedic vedrumadrats"},"content":{"rendered":"<p>Lisamugavust pakub m\u00f5lemale poolele lisatud puvillakiht.<br \/>\nLoodusliku bambuse kiude sisaldav kangas juhib h\u00e4sti niiskust ning v\u00e4hendab higistamise ohtu.<br \/>\nHeledast stret\u0161-kangast madratsikate on eemaldatav ja pestav kuni 60-kraadises vees.<br \/>\nKattel on kaks lukku (\u00fcleval ja all) ning t\u00e4nu sellele on v\u00f5imalik see lahti v\u00f5tta 3 eraldi t\u00fckiks: \u00fclemine ja alumine plate ning k\u00fcljeriba.<br \/>\nToote k\u00fclgedel on tugevast riidest sangad, mille abil on madratsit lihtsam t\u00f5sta ja \u00fcmber p\u00f6\u00f6rata.<br \/>\nSaadaval on m\u00f5\u00f5dud 80&#215;200, 90&#215;200, 120&#215;200, 140&#215;200, 160&#215;200 ja 180&#215;200.<br \/>\nMadratsi k\u00f5rgus on: 26 cm.<br \/>\nMadratsile\u00a0soovitame juurde lisada ka Sleepwelli <a href=\"https:\/\/mobecor.ee\/tootekategooria\/magamistuba\/madratsid-ja-voodid\/sleepwell_uus\/kattemadratsid-1\/\" target=\"_blank\" rel=\"noopener noreferrer\">kattemadratsi<\/a>, mis loob t\u00e4iendava lisamugavuse, kaitseb madratsit, pikendab selle eluiga ning aitab kaasa heale voodih\u00fcgieenile.<br \/>\nToode on disainitud ja toodetud Eestis.<br \/>\nSleepwelli toodetes kasutatavad materjalid nagu kangas, puuvill, vill ja vatiin vastavad rahvusvahelisele \u00d6ko-Tex 100 standardile.<br \/>\nVedrus\u00fcsteemide kvaliteet on tagatud DIN EN ISO 9001 sertifikaadiga.<\/p>\n","protected":false},"excerpt":{"rendered":"<p>Madratsil on pakitud 7-tsooniline multipocket vedrustus (h=18 cm), mille \u00fchel poolel on v\u00e4ga j\u00e4ik looduslikust kookosekiududest kiht (2 cm), mille \u00f5huline struktuur laseb madratsil vabalt hingata v\u00e4ltides selliselt niiskus kogunemist madratsisse.<br \/>\nTeisel poolel on kerge massa\u017eiefektiga profileeritud Tiger Touch porolooni kiht (5 cm). Nii on iga\u00fchel v\u00f5imalik valida endale sobivaim pool.<br \/>\nSuur vedrude arv tagab kehale maksimaalse toe.<br \/>\nSellel madratsil on valikus ainult j\u00e4ik vedru.<br \/>\nTarneaeg: 2 kuni 4 n\u00e4dalat.<\/p>\n","protected":false},"featured_media":10660,"template":"","meta":{"_acf_changed":false,"inline_featured_image":false},"series":[],"product_brand":[2859],"product_cat":[100],"product_tag":[],"class_list":{"0":"post-21039","1":"product","2":"type-product","3":"status-publish","4":"has-post-thumbnail","6":"product_brand-sleepwell","7":"product_cat-black-sari","9":"first","10":"instock","11":"taxable","12":"shipping-taxable","13":"purchasable","14":"product-type-variable"},"acf":[],"_links":{"self":[{"href":"https:\/\/mobecor.ee\/en\/wp-json\/wp\/v2\/product\/21039","targetHints":{"allow":["GET"]}}],"collection":[{"href":"https:\/\/mobecor.ee\/en\/wp-json\/wp\/v2\/product"}],"about":[{"href":"https:\/\/mobecor.ee\/en\/wp-json\/wp\/v2\/types\/product"}],"wp:featuredmedia":[{"embeddable":true,"href":"https:\/\/mobecor.ee\/en\/wp-json\/wp\/v2\/media\/10660"}],"wp:attachment":[{"href":"https:\/\/mobecor.ee\/en\/wp-json\/wp\/v2\/media?parent=21039"}],"wp:term":[{"taxonomy":"series","embeddable":true,"href":"https:\/\/mobecor.ee\/en\/wp-json\/wp\/v2\/series?post=21039"},{"taxonomy":"product_brand","embeddable":true,"href":"https:\/\/mobecor.ee\/en\/wp-json\/wp\/v2\/product_brand?post=21039"},{"taxonomy":"product_cat","embeddable":true,"href":"https:\/\/mobecor.ee\/en\/wp-json\/wp\/v2\/product_cat?post=21039"},{"taxonomy":"product_tag","embeddable":true,"href":"https:\/\/mobecor.ee\/en\/wp-json\/wp\/v2\/product_tag?post=21039"}],"curies":[{"name":"wp","href":"https:\/\/api.w.org\/{rel}","templated":true}]}}