{"id":21042,"date":"2025-05-05T11:29:09","date_gmt":"2025-05-05T11:29:09","guid":{"rendered":"https:\/\/mobecor.ee\/?post_type=product&#038;p=21042"},"modified":"2025-12-03T15:49:39","modified_gmt":"2025-12-03T13:49:39","slug":"black-continental-kontinentaalvoodi-sahtliga-160200","status":"publish","type":"product","link":"https:\/\/mobecor.ee\/en\/toode\/black-continental-kontinentaalvoodi-sahtliga-160200\/","title":{"rendered":"Black Continental kontinentaalvoodi sahtliga 160*200 cm"},"content":{"rendered":"<p>Vedrumadratsi sisuks on \u00fclimugav 7-tsooniline multipocket vedrustus.<br \/>\nVedrumadrats on kahepoolne, mille \u00fchel pool on Tiger Touch poroloon ja teisel pool lateks.<br \/>\nTiger Touch poroloon on materjalit\u00f6\u00f6stuse viimane s\u00f5na \u2013 laseb h\u00e4sti \u00f5hul liikuda ning moodustab m\u00f5nusalt vetruva, keha toetava vormi.<br \/>\nVedrumadratsi j\u00e4ikust on v\u00f5imalik valida \u2013 j\u00e4ik v\u00f5i pehme.<br \/>\nKomplekt\u00a0koosneb kahest alusku\u0161etist ja vedrumadratsist.<br \/>\nValida on v\u00f5imalik 14 erineva tooniga m\u00f6\u00f6blikanga vahel.<br \/>\n<strong>NB! <\/strong><strong><a href=\"https:\/\/mobecor.ee\/tootekategooria\/magamistuba\/madratsid-ja-voodid\/sleepwell_uus\/kattemadratsid-1\/\" target=\"_blank\" rel=\"noopener noreferrer\">Kattemadrats<\/a>\u00a0ja\u00a0<a href=\"https:\/\/mobecor.ee\/tootekategooria\/magamistuba\/madratsid-ja-voodid\/sleepwell_uus\/jalad-1\/\" target=\"_blank\" rel=\"noopener noreferrer\">jalad<\/a>\u00a0(8 tk) ei kuulu komplekti,\u00a0need tuleb juurde valida vastavalt soovile.<\/strong><br \/>\nV\u00f5imalik on juurde tellida ka sama m\u00f6\u00f6blikangaga\u00a0<a href=\"https:\/\/mobecor.ee\/tootekategooria\/magamistuba\/madratsid-ja-voodid\/sleepwell_uus\/peatsiotsad-lisad\/\" target=\"_blank\" rel=\"noopener noreferrer\">peatsiots<\/a>\u00a0ning\u00a0<a href=\"https:\/\/mobecor.ee\/tootekategooria\/magamistuba\/madratsid-ja-voodid\/sleepwell_uus\/lisad\/\" target=\"_blank\" rel=\"noopener noreferrer\">k\u00fcljetaskud<\/a>, kuhu saab asetada ajakirju, teleripuldi jm.<br \/>\nToode on disainitud ja toodetud Eestis.<br \/>\nPorolooni on heaks kiitnud Eesti Allergialiit.<br \/>\nSleepwelli toodetes kasutatavad materjalid nagu kangas, puuvill, vill ja vatiin vastavad rahvusvahelisele \u00d6ko-Tex 100 standardile.<\/p>\n","protected":false},"excerpt":{"rendered":"<p>Komplekti kuulub kaks sahtliga alusku\u0161etti , mille peale k\u00e4ib 7-tsoonilise k\u00f5rge multipocket vedruga madrats.<br \/>\nM\u00f5\u00f5dud: 160\u00d7200 cm.<br \/>\nKontinentaalvoodi k\u00f5rgus ilma jalgadeta: 53 cm.<br \/>\nTarneaeg: 4 kuni 6 n\u00e4dalat.<\/p>\n","protected":false},"featured_media":10666,"template":"","meta":{"_acf_changed":false,"inline_featured_image":false},"series":[],"product_brand":[2859],"product_cat":[424],"product_tag":[],"class_list":{"0":"post-21042","1":"product","2":"type-product","3":"status-publish","4":"has-post-thumbnail","6":"product_brand-sleepwell","7":"product_cat-kontinentaal-ja-mootorvoodid","9":"first","10":"instock","11":"taxable","12":"shipping-taxable","13":"purchasable","14":"product-type-simple"},"acf":[],"_links":{"self":[{"href":"https:\/\/mobecor.ee\/en\/wp-json\/wp\/v2\/product\/21042","targetHints":{"allow":["GET"]}}],"collection":[{"href":"https:\/\/mobecor.ee\/en\/wp-json\/wp\/v2\/product"}],"about":[{"href":"https:\/\/mobecor.ee\/en\/wp-json\/wp\/v2\/types\/product"}],"wp:featuredmedia":[{"embeddable":true,"href":"https:\/\/mobecor.ee\/en\/wp-json\/wp\/v2\/media\/10666"}],"wp:attachment":[{"href":"https:\/\/mobecor.ee\/en\/wp-json\/wp\/v2\/media?parent=21042"}],"wp:term":[{"taxonomy":"series","embeddable":true,"href":"https:\/\/mobecor.ee\/en\/wp-json\/wp\/v2\/series?post=21042"},{"taxonomy":"product_brand","embeddable":true,"href":"https:\/\/mobecor.ee\/en\/wp-json\/wp\/v2\/product_brand?post=21042"},{"taxonomy":"product_cat","embeddable":true,"href":"https:\/\/mobecor.ee\/en\/wp-json\/wp\/v2\/product_cat?post=21042"},{"taxonomy":"product_tag","embeddable":true,"href":"https:\/\/mobecor.ee\/en\/wp-json\/wp\/v2\/product_tag?post=21042"}],"curies":[{"name":"wp","href":"https:\/\/api.w.org\/{rel}","templated":true}]}}