{"id":21043,"date":"2025-05-05T11:29:09","date_gmt":"2025-05-05T11:29:09","guid":{"rendered":"https:\/\/mobecor.ee\/?post_type=product&#038;p=21043"},"modified":"2025-08-07T14:18:28","modified_gmt":"2025-08-07T11:18:28","slug":"top-hygienic-lux-madratsikaitse-12661","status":"publish","type":"product","link":"https:\/\/mobecor.ee\/en\/toode\/top-hygienic-lux-madratsikaitse-12661\/","title":{"rendered":"TOP Hygienic Lux madratsikaitse"},"content":{"rendered":"<p><span style=\"font-size: 10pt;\">Heledast stret\u0161-kangast tepitud kattetekil on eriliselt pehme ja luksuslik Super Soft\u2122 kangas, mis reguleerib niiskust ning t\u00e4nu termostaatilisele funktsioonile aitab see magamise ajal s\u00e4ilitada ka Sinu kehatemperatuuri, andes maksimaalse mugavustunde.<\/span><br \/>\n<span style=\"font-size: 10pt;\">Kangas on erilise Sensity\u2122 t\u00f6\u00f6tlusega, mis takistab tolmulestade, hallituse ja kahjulike bakterite teket ning neutraliseerib ebameeldivad l\u00f5hnad. Sinu v\u00e4rske ja tervislik uni on garanteeritud.<\/span><br \/>\n<span style=\"font-size: 10pt;\">Katte nurkades on kummipaelad, millega saab katte mugavalt kinnitada alusmadratsi peale.<\/span><br \/>\n<span style=\"font-size: 10pt;\">Madratsikate on pestav kuni 60-kraadises vees.<br \/>\nToode on disainitud ja toodetud Eestis<\/span><br \/>\n<span style=\"font-size: 10pt;\">Tootel on Eesti Allergialiidu tunnusm\u00e4rk. <\/span><br \/>\n<span style=\"font-size: 10pt;\">Sleepwelli toodetes kasutatavad materjalid nagu kangas, puuvill, vill ja vatiin vastavad rahvusvahelisele \u00d6ko-Tex 100 standardile<\/span><\/p>\n","protected":false},"excerpt":{"rendered":"<p><span style=\"font-size: 10pt;\">Madratsikaitse on m\u00f5eldud alusmadratsi kaitseks m\u00e4\u00e4rdumise eest.<br \/>\nSaadaval on m\u00f5\u00f5dud 80*200, 90*200, 120*200, 140*200, 160*200 ja 180*200 cm.<br \/>\nK\u00f5rgus: 1,5 cm.<br \/>\nTarneaeg: 2 kuni 4 n\u00e4dalat.<\/span><\/p>\n","protected":false},"featured_media":10668,"template":"","meta":{"_acf_changed":false,"inline_featured_image":false},"series":[],"product_brand":[2859],"product_cat":[335,398],"product_tag":[],"class_list":{"0":"post-21043","1":"product","2":"type-product","3":"status-publish","4":"has-post-thumbnail","6":"product_brand-sleepwell","7":"product_cat-kattemadratsid-1","8":"product_cat-sleepwell-madratsi-ja-padjakaitsed","10":"first","11":"instock","12":"taxable","13":"shipping-taxable","14":"purchasable","15":"product-type-variable"},"acf":[],"_links":{"self":[{"href":"https:\/\/mobecor.ee\/en\/wp-json\/wp\/v2\/product\/21043","targetHints":{"allow":["GET"]}}],"collection":[{"href":"https:\/\/mobecor.ee\/en\/wp-json\/wp\/v2\/product"}],"about":[{"href":"https:\/\/mobecor.ee\/en\/wp-json\/wp\/v2\/types\/product"}],"wp:featuredmedia":[{"embeddable":true,"href":"https:\/\/mobecor.ee\/en\/wp-json\/wp\/v2\/media\/10668"}],"wp:attachment":[{"href":"https:\/\/mobecor.ee\/en\/wp-json\/wp\/v2\/media?parent=21043"}],"wp:term":[{"taxonomy":"series","embeddable":true,"href":"https:\/\/mobecor.ee\/en\/wp-json\/wp\/v2\/series?post=21043"},{"taxonomy":"product_brand","embeddable":true,"href":"https:\/\/mobecor.ee\/en\/wp-json\/wp\/v2\/product_brand?post=21043"},{"taxonomy":"product_cat","embeddable":true,"href":"https:\/\/mobecor.ee\/en\/wp-json\/wp\/v2\/product_cat?post=21043"},{"taxonomy":"product_tag","embeddable":true,"href":"https:\/\/mobecor.ee\/en\/wp-json\/wp\/v2\/product_tag?post=21043"}],"curies":[{"name":"wp","href":"https:\/\/api.w.org\/{rel}","templated":true}]}}