{"id":21046,"date":"2025-05-05T11:29:10","date_gmt":"2025-05-05T11:29:10","guid":{"rendered":"https:\/\/mobecor.ee\/?post_type=product&#038;p=21046"},"modified":"2026-03-10T14:00:56","modified_gmt":"2026-03-10T12:00:56","slug":"top-green-kattemadrats","status":"publish","type":"product","link":"https:\/\/mobecor.ee\/en\/toode\/top-green-kattemadrats\/","title":{"rendered":"TOP Memory kattemadrats"},"content":{"rendered":"<p>Madratsi kate on innovatiivsest Seaqual kangast, mis on toodetud 100% \u00fcmbert\u00f6\u00f6deldud materjalidest.<br \/>\nParima \u00f5huringluse tagamiseks on kattemadratsi k\u00fclgedele 3D-kangast riba.<br \/>\nLisamugavust pakub \u00fchel pool vill (talve pool), teisel puuvill (suve pool).<br \/>\nKate on eemaldatav ja pestav kuni 60-kraadises vees.<br \/>\nTootel on Eesti Allergialiidu tunnusm\u00e4rk.<br \/>\nToode on disainitud ja toodetud Eestis.<br \/>\nSleepwelli toodetes kasutatavad materjalid nagu kangas, puuvill, vill ja vatiin vastavad rahvusvahelisele \u00d6ko-Tex 100 standardile.<\/p>\n","protected":false},"excerpt":{"rendered":"<p>Kattemadratsi sisuks on 5 cm perforeeritud visco poroloon, mis sisaldab olulisel m\u00e4\u00e4ral looduslikku kastoor\u00f5li.<br \/>\nKastoor\u00f5li p\u00e4rsib tolmulestade ja baketrite paljunemist ning on allergiat v\u00e4hendava toimega.<br \/>\nSaadaval on m\u00f5\u00f5dud 80&#215;200, 90*200, 120*200, 140*200, 160*200 ja 180*200 cm.<br \/>\nKattemadratsi k\u00f5rgus: 6 cm.<br \/>\nTarneaeg: 2 kuni 4 n\u00e4dalat.<\/p>\n","protected":false},"featured_media":10674,"template":"","meta":{"_acf_changed":false,"inline_featured_image":false},"series":[],"product_brand":[2859],"product_cat":[335],"product_tag":[],"class_list":{"0":"post-21046","1":"product","2":"type-product","3":"status-publish","4":"has-post-thumbnail","6":"product_brand-sleepwell","7":"product_cat-kattemadratsid-1","9":"first","10":"instock","11":"taxable","12":"shipping-taxable","13":"purchasable","14":"product-type-variable"},"acf":[],"_links":{"self":[{"href":"https:\/\/mobecor.ee\/en\/wp-json\/wp\/v2\/product\/21046","targetHints":{"allow":["GET"]}}],"collection":[{"href":"https:\/\/mobecor.ee\/en\/wp-json\/wp\/v2\/product"}],"about":[{"href":"https:\/\/mobecor.ee\/en\/wp-json\/wp\/v2\/types\/product"}],"wp:featuredmedia":[{"embeddable":true,"href":"https:\/\/mobecor.ee\/en\/wp-json\/wp\/v2\/media\/10674"}],"wp:attachment":[{"href":"https:\/\/mobecor.ee\/en\/wp-json\/wp\/v2\/media?parent=21046"}],"wp:term":[{"taxonomy":"series","embeddable":true,"href":"https:\/\/mobecor.ee\/en\/wp-json\/wp\/v2\/series?post=21046"},{"taxonomy":"product_brand","embeddable":true,"href":"https:\/\/mobecor.ee\/en\/wp-json\/wp\/v2\/product_brand?post=21046"},{"taxonomy":"product_cat","embeddable":true,"href":"https:\/\/mobecor.ee\/en\/wp-json\/wp\/v2\/product_cat?post=21046"},{"taxonomy":"product_tag","embeddable":true,"href":"https:\/\/mobecor.ee\/en\/wp-json\/wp\/v2\/product_tag?post=21046"}],"curies":[{"name":"wp","href":"https:\/\/api.w.org\/{rel}","templated":true}]}}