{"id":21047,"date":"2025-05-05T11:29:10","date_gmt":"2025-05-05T11:29:10","guid":{"rendered":"https:\/\/mobecor.ee\/?post_type=product&#038;p=21047"},"modified":"2026-03-09T16:47:18","modified_gmt":"2026-03-09T14:47:18","slug":"top-latex-lux-kattemadrats-2","status":"publish","type":"product","link":"https:\/\/mobecor.ee\/en\/toode\/top-latex-lux-kattemadrats-2\/","title":{"rendered":"TOP Latex Lux kattemadrats"},"content":{"rendered":"<p>Supersoft kattekangas on eriliselt pehme ning naturaalse Sensity\u2122 t\u00f6\u00f6tlusega, mis takistab tolmulestade, hallituse ja kahjulike bakterite teket ning neutraliseerib ebameeldivad l\u00f5hnad.<br \/>\nLisamugavust pakub \u00fchel pool vill (talve pool), teisel puuvill (suve pool).<br \/>\nMadratsi kate on eemaldatav ja pestav kuni 60-kraadises vees.<br \/>\nTootel on Eesti Allergialiidu tunnusm\u00e4rk.<br \/>\nV\u00f5imalik on tellida ka erim\u00f5\u00f5dus tooteid &#8211; erim\u00f5\u00f5dus toodetele ei kehti tagastus\u00f5igus.<br \/>\nToode on disainitud ja toodetud Eestis.<br \/>\nSleepwelli toodetes kasutatavad materjalid nagu kangas, puuvill, vill ja vatiin vastavad rahvusvahelisele \u00d6ko-Tex 100 standardile.<\/p>\n","protected":false},"excerpt":{"rendered":"<p>Kattemadratsi sisuks on eriti paks loodusliku kaut\u0161ukipuu mahlast profileeritud ja perforeeritud lateksikiht (5 cm), mis muudab voodi eriliselt mugavaks.<br \/>\nSaadaval on m\u00f5\u00f5dud: 80*200, 90*200, 120*200, 140*200, 160*200, 180*200 cm.<br \/>\nKattemadratsi k\u00f5rgus: 6 cm.<br \/>\nTarneaeg: 2 kuni 4 n\u00e4dalat.<\/p>\n","protected":false},"featured_media":10676,"template":"","meta":{"_acf_changed":false,"inline_featured_image":false},"series":[],"product_brand":[2859],"product_cat":[335],"product_tag":[],"class_list":{"0":"post-21047","1":"product","2":"type-product","3":"status-publish","4":"has-post-thumbnail","6":"product_brand-sleepwell","7":"product_cat-kattemadratsid-1","9":"first","10":"instock","11":"taxable","12":"shipping-taxable","13":"purchasable","14":"product-type-variable"},"acf":[],"_links":{"self":[{"href":"https:\/\/mobecor.ee\/en\/wp-json\/wp\/v2\/product\/21047","targetHints":{"allow":["GET"]}}],"collection":[{"href":"https:\/\/mobecor.ee\/en\/wp-json\/wp\/v2\/product"}],"about":[{"href":"https:\/\/mobecor.ee\/en\/wp-json\/wp\/v2\/types\/product"}],"wp:featuredmedia":[{"embeddable":true,"href":"https:\/\/mobecor.ee\/en\/wp-json\/wp\/v2\/media\/10676"}],"wp:attachment":[{"href":"https:\/\/mobecor.ee\/en\/wp-json\/wp\/v2\/media?parent=21047"}],"wp:term":[{"taxonomy":"series","embeddable":true,"href":"https:\/\/mobecor.ee\/en\/wp-json\/wp\/v2\/series?post=21047"},{"taxonomy":"product_brand","embeddable":true,"href":"https:\/\/mobecor.ee\/en\/wp-json\/wp\/v2\/product_brand?post=21047"},{"taxonomy":"product_cat","embeddable":true,"href":"https:\/\/mobecor.ee\/en\/wp-json\/wp\/v2\/product_cat?post=21047"},{"taxonomy":"product_tag","embeddable":true,"href":"https:\/\/mobecor.ee\/en\/wp-json\/wp\/v2\/product_tag?post=21047"}],"curies":[{"name":"wp","href":"https:\/\/api.w.org\/{rel}","templated":true}]}}