{"id":21050,"date":"2025-05-05T11:29:11","date_gmt":"2025-05-05T11:29:11","guid":{"rendered":"https:\/\/mobecor.ee\/?post_type=product&#038;p=21050"},"modified":"2026-03-10T14:00:37","modified_gmt":"2026-03-10T12:00:37","slug":"top-latex-etno-duo-kattemadrats","status":"publish","type":"product","link":"https:\/\/mobecor.ee\/en\/toode\/top-latex-etno-duo-kattemadrats\/","title":{"rendered":"TOP Latex Etno Duo kattemadrats"},"content":{"rendered":"<p>Lisamugavust pakub \u00fchel pool vill (talve pool), teisel puuvill (suve pool).<br \/>\nRahvusliku k\u00e4sit\u00f6\u00f6mustriga stret\u0161-kangas on tolmulestavastase, 100% naturaalse Sensity\u2122 to\u0308o\u0308tlusega, pehme ja kehaso\u0303bralik.<br \/>\nMadratsikate on eemaldatav ja pestav kuni 40-kraadises vees.<br \/>\nToode on disainitud ja toodetud Eestis.<br \/>\nSleepwelli toodetes kasutatavad materjalid nagu kangas, puuvill, vill ja vatiin vastavad rahvusvahelisele \u00d6ko-Tex 100 standardile.<\/p>\n","protected":false},"excerpt":{"rendered":"<p>L\u00f5hikutega kattemadrats, mille abil saab mootorvoodi liita \u00fcheks tervikuks v\u00f5imaldades p\u00e4ist ja jalutsit individuaalselt liigutada.<br \/>\nKattemadratsi sisuks on loodusliku kaut\u0161ukipuu mahlast 3 cm lateksikiht, mille perforeering v\u00f5imaldab \u00f5hul materjalist l\u00e4bi liikuda, v\u00e4hendades selliselt higistamise ohtu.<br \/>\nSaadaval on m\u00f5\u00f5dud 160*200 ja 180*200 cm.<br \/>\nKattemadratsi k\u00f5rgus: 4 cm.<br \/>\nTarneaeg: 2 kuni 4 n\u00e4dalat.<\/p>\n","protected":false},"featured_media":10682,"template":"","meta":{"_acf_changed":false,"inline_featured_image":false},"series":[],"product_brand":[2859],"product_cat":[335],"product_tag":[],"class_list":{"0":"post-21050","1":"product","2":"type-product","3":"status-publish","4":"has-post-thumbnail","6":"product_brand-sleepwell","7":"product_cat-kattemadratsid-1","9":"first","10":"instock","11":"taxable","12":"shipping-taxable","13":"purchasable","14":"product-type-variable"},"acf":[],"_links":{"self":[{"href":"https:\/\/mobecor.ee\/en\/wp-json\/wp\/v2\/product\/21050","targetHints":{"allow":["GET"]}}],"collection":[{"href":"https:\/\/mobecor.ee\/en\/wp-json\/wp\/v2\/product"}],"about":[{"href":"https:\/\/mobecor.ee\/en\/wp-json\/wp\/v2\/types\/product"}],"wp:featuredmedia":[{"embeddable":true,"href":"https:\/\/mobecor.ee\/en\/wp-json\/wp\/v2\/media\/10682"}],"wp:attachment":[{"href":"https:\/\/mobecor.ee\/en\/wp-json\/wp\/v2\/media?parent=21050"}],"wp:term":[{"taxonomy":"series","embeddable":true,"href":"https:\/\/mobecor.ee\/en\/wp-json\/wp\/v2\/series?post=21050"},{"taxonomy":"product_brand","embeddable":true,"href":"https:\/\/mobecor.ee\/en\/wp-json\/wp\/v2\/product_brand?post=21050"},{"taxonomy":"product_cat","embeddable":true,"href":"https:\/\/mobecor.ee\/en\/wp-json\/wp\/v2\/product_cat?post=21050"},{"taxonomy":"product_tag","embeddable":true,"href":"https:\/\/mobecor.ee\/en\/wp-json\/wp\/v2\/product_tag?post=21050"}],"curies":[{"name":"wp","href":"https:\/\/api.w.org\/{rel}","templated":true}]}}