{"id":21096,"date":"2025-05-05T11:30:03","date_gmt":"2025-05-05T11:30:03","guid":{"rendered":"https:\/\/mobecor.ee\/?post_type=product&#038;p=21096"},"modified":"2026-01-20T15:20:19","modified_gmt":"2026-01-20T13:20:19","slug":"voodi-aris-as14-180s-p-180-200","status":"publish","type":"product","link":"https:\/\/mobecor.ee\/en\/toode\/voodi-aris-as14-180s-p-180-200\/","title":{"rendered":"Voodi Aris AS14\/180S.P (180*200)"},"content":{"rendered":"<p>Voodil on mehhanismiga \u00fcles t\u00f5stetav p\u00f5hi ja pesukast p\u00f5hja all.<br \/>\nVoodile sobib madrats m\u00f5\u00f5tudes 180 x 200 cm.<br \/>\nMadrats ei kuulu komplekti.<br \/>\nLisavalikuna v\u00f5imalik juurde osta led valgustus.<br \/>\nMaterjal: lamineeritud puitlaastplaat, 16 mm.<br \/>\nServad: ABS 1,5 mm.<br \/>\nV\u00e4rv: tamm evoke\/l\u00e4ikiv must.<\/p>\n","protected":false},"excerpt":{"rendered":"<p>Laius:\u00a0185 cm.<br \/>\nS\u00fcgavus:\u00a0215 cm.<br \/>\nK\u00f5rgus:\u00a0102 cm.<br \/>\nTarneaeg:\u00a04-8 n\u00e4dalat.<\/p>\n","protected":false},"featured_media":10584,"template":"","meta":{"_acf_changed":false,"inline_featured_image":false},"series":[2718],"product_brand":[2945],"product_cat":[4017],"product_tag":[],"class_list":{"0":"post-21096","1":"product","2":"type-product","3":"status-publish","4":"has-post-thumbnail","6":"series-aris","7":"product_brand-liveo","8":"product_cat-voodid-180-x-200","10":"first","11":"instock","12":"taxable","13":"shipping-taxable","14":"purchasable","15":"product-type-variable"},"acf":[],"_links":{"self":[{"href":"https:\/\/mobecor.ee\/en\/wp-json\/wp\/v2\/product\/21096","targetHints":{"allow":["GET"]}}],"collection":[{"href":"https:\/\/mobecor.ee\/en\/wp-json\/wp\/v2\/product"}],"about":[{"href":"https:\/\/mobecor.ee\/en\/wp-json\/wp\/v2\/types\/product"}],"wp:featuredmedia":[{"embeddable":true,"href":"https:\/\/mobecor.ee\/en\/wp-json\/wp\/v2\/media\/10584"}],"wp:attachment":[{"href":"https:\/\/mobecor.ee\/en\/wp-json\/wp\/v2\/media?parent=21096"}],"wp:term":[{"taxonomy":"series","embeddable":true,"href":"https:\/\/mobecor.ee\/en\/wp-json\/wp\/v2\/series?post=21096"},{"taxonomy":"product_brand","embeddable":true,"href":"https:\/\/mobecor.ee\/en\/wp-json\/wp\/v2\/product_brand?post=21096"},{"taxonomy":"product_cat","embeddable":true,"href":"https:\/\/mobecor.ee\/en\/wp-json\/wp\/v2\/product_cat?post=21096"},{"taxonomy":"product_tag","embeddable":true,"href":"https:\/\/mobecor.ee\/en\/wp-json\/wp\/v2\/product_tag?post=21096"}],"curies":[{"name":"wp","href":"https:\/\/api.w.org\/{rel}","templated":true}]}}