{"id":21127,"date":"2025-05-05T11:31:29","date_gmt":"2025-05-05T11:31:29","guid":{"rendered":"https:\/\/mobecor.ee\/?post_type=product&#038;p=21127"},"modified":"2025-09-26T08:40:27","modified_gmt":"2025-09-26T05:40:27","slug":"vitriinkapp-moet-10","status":"publish","type":"product","link":"https:\/\/mobecor.ee\/en\/toode\/vitriinkapp-moet-10\/","title":{"rendered":"Vitriinkapp Moet 10 (65\/42\/204)"},"content":{"rendered":"<p><span style=\"font-size: 10pt;\">Vitriinkapil on\u00a01 klaasiga uks. Uks avaneb vasakule (hinged on vasakul).<br \/>\n<\/span><span style=\"font-size: 10pt;\">Ukse taga on 2 tugevast klaasist riiulid ja 2 m\u00f6\u00f6bliplaadist riiulit.<br \/>\n<\/span><span style=\"font-size: 10pt;\">Esipind: PVC fooliumiga kaetud MDF m\u00f6\u00f6bliplaat + karastatud klaas.<br \/>\n<\/span><span style=\"font-size: 10pt;\">Korpus: puitu meenutava dekooriga lamineeritud m\u00f6\u00f6bliplaat.<br \/>\n<\/span><span style=\"font-size: 10pt;\">V\u00e4rv: Ameerika p\u00e4hkel\/valge matt\/grafiithall matt.<br \/>\n<\/span><span style=\"font-size: 10pt;\">K\u00e4epide: metallist, a\u017euurne, v\u00e4rv &#8211; grafiithall matt.<br \/>\n<\/span><span style=\"font-size: 10pt;\">Jalad: k\u00f5rgus 12 cm, v\u00e4rvus &#8211; grafiithall matt.<br \/>\n<\/span><span style=\"font-size: 10pt;\">Uks on vaikselt\u00a0sulguv.<br \/>\n<\/span><span style=\"font-size: 10pt;\">Toode tarnitakse detailidena.<br \/>\n<\/span><span style=\"font-size: 10pt;\">Toodetud: Poolas.<br \/>\n<\/span><\/p>\n","protected":false},"excerpt":{"rendered":"<p><span style=\"font-size: 10pt;\">Laius:\u00a065 cm.<br \/>\n<\/span><span style=\"font-size: 10pt;\">S\u00fcgavus: 42 cm.<br \/>\n<\/span><span style=\"font-size: 10pt;\">K\u00f5rgus:\u00a0204 cm.<br \/>\n<\/span><span style=\"font-size: 10pt;\">Tarneaeg: 4-8 n\u00e4dalat.<\/span><\/p>\n","protected":false},"featured_media":10452,"template":"","meta":{"_acf_changed":false,"inline_featured_image":false},"series":[2792],"product_brand":[2941],"product_cat":[33],"product_tag":[],"class_list":{"0":"post-21127","1":"product","2":"type-product","3":"status-publish","4":"has-post-thumbnail","6":"series-moet","7":"product_brand-szynaka","8":"product_cat-vitriinid","10":"first","11":"instock","12":"taxable","13":"shipping-taxable","14":"purchasable","15":"product-type-simple"},"acf":[],"_links":{"self":[{"href":"https:\/\/mobecor.ee\/en\/wp-json\/wp\/v2\/product\/21127","targetHints":{"allow":["GET"]}}],"collection":[{"href":"https:\/\/mobecor.ee\/en\/wp-json\/wp\/v2\/product"}],"about":[{"href":"https:\/\/mobecor.ee\/en\/wp-json\/wp\/v2\/types\/product"}],"wp:featuredmedia":[{"embeddable":true,"href":"https:\/\/mobecor.ee\/en\/wp-json\/wp\/v2\/media\/10452"}],"wp:attachment":[{"href":"https:\/\/mobecor.ee\/en\/wp-json\/wp\/v2\/media?parent=21127"}],"wp:term":[{"taxonomy":"series","embeddable":true,"href":"https:\/\/mobecor.ee\/en\/wp-json\/wp\/v2\/series?post=21127"},{"taxonomy":"product_brand","embeddable":true,"href":"https:\/\/mobecor.ee\/en\/wp-json\/wp\/v2\/product_brand?post=21127"},{"taxonomy":"product_cat","embeddable":true,"href":"https:\/\/mobecor.ee\/en\/wp-json\/wp\/v2\/product_cat?post=21127"},{"taxonomy":"product_tag","embeddable":true,"href":"https:\/\/mobecor.ee\/en\/wp-json\/wp\/v2\/product_tag?post=21127"}],"curies":[{"name":"wp","href":"https:\/\/api.w.org\/{rel}","templated":true}]}}