{"id":21132,"date":"2025-05-05T11:31:34","date_gmt":"2025-05-05T11:31:34","guid":{"rendered":"https:\/\/mobecor.ee\/?post_type=product&#038;p=21132"},"modified":"2025-09-26T09:10:54","modified_gmt":"2025-09-26T06:10:54","slug":"tv-alus-moet-25","status":"publish","type":"product","link":"https:\/\/mobecor.ee\/en\/toode\/tv-alus-moet-25\/","title":{"rendered":"Tv-alus Moet 25 (170\/42\/55)"},"content":{"rendered":"<p><span style=\"font-size: 10pt;\">Tv-alusel on\u00a02 ust ja 1 sahtel.<br \/>\n<\/span><span style=\"font-size: 10pt;\">Esipind: PVC fooliumiga kaetud MDF m\u00f6\u00f6bliplaat.<br \/>\n<\/span><span style=\"font-size: 10pt;\">Korpus: puitu meenutava dekooriga lamineeritud m\u00f6\u00f6bliplaat.<br \/>\n<\/span><span style=\"font-size: 10pt;\">V\u00e4rv: Ameerika p\u00e4hkel\/valge matt\/grafiithall matt.<br \/>\n<\/span><span style=\"font-size: 10pt;\">K\u00e4epidemed: metallist, a\u017euursed, v\u00e4rv &#8211; grafiithall matt.<br \/>\n<\/span><span style=\"font-size: 10pt;\">Jalad: k\u00f5rgus 12 cm, v\u00e4rvus &#8211; grafiithall matt.<br \/>\n<\/span><span style=\"font-size: 10pt;\">Toode tarnitakse detailidena.<br \/>\n<\/span><span style=\"font-size: 10pt;\">Toodetud: Poolas.<br \/>\n<\/span><\/p>\n","protected":false},"excerpt":{"rendered":"<p><span style=\"font-size: 10pt;\">Tv-aluse laius:\u00a0170 cm.<br \/>\n<\/span><span style=\"font-size: 10pt;\">Tv-aluse s\u00fcgavus: 42 cm.<br \/>\n<\/span><span style=\"font-size: 10pt;\">Tv-aluse k\u00f5rgus:\u00a055 cm.<br \/>\n<\/span><span style=\"font-size: 10pt;\">Sahtli sisemine laius: 66,2 cm.<br \/>\n<\/span><span style=\"font-size: 10pt;\">Sahtli sisek\u00f5rgus: 18,6 cm.<br \/>\n<\/span><span style=\"font-size: 10pt;\">Sahtli sises\u00fcgavus: 33,7 cm.<br \/>\n<\/span><span style=\"font-size: 10pt;\">Maksimaalne riiulikoormus: 5 kg.<br \/>\n<\/span><span style=\"font-size: 10pt;\">Maksimaalne sahtli koormus: 3 kg.<br \/>\n<\/span><span style=\"font-size: 10pt;\">Maksimaalne sahtli pikendus: 27,5.<br \/>\n<\/span><span style=\"font-size: 10pt;\">Tarneaeg: 4-8 n\u00e4dalat.<\/span><\/p>\n","protected":false},"featured_media":10462,"template":"","meta":{"_acf_changed":false,"inline_featured_image":false},"series":[2792],"product_brand":[2941],"product_cat":[34],"product_tag":[],"class_list":{"0":"post-21132","1":"product","2":"type-product","3":"status-publish","4":"has-post-thumbnail","6":"series-moet","7":"product_brand-szynaka","8":"product_cat-tv-alused","10":"first","11":"instock","12":"taxable","13":"shipping-taxable","14":"purchasable","15":"product-type-simple"},"acf":[],"_links":{"self":[{"href":"https:\/\/mobecor.ee\/en\/wp-json\/wp\/v2\/product\/21132","targetHints":{"allow":["GET"]}}],"collection":[{"href":"https:\/\/mobecor.ee\/en\/wp-json\/wp\/v2\/product"}],"about":[{"href":"https:\/\/mobecor.ee\/en\/wp-json\/wp\/v2\/types\/product"}],"wp:featuredmedia":[{"embeddable":true,"href":"https:\/\/mobecor.ee\/en\/wp-json\/wp\/v2\/media\/10462"}],"wp:attachment":[{"href":"https:\/\/mobecor.ee\/en\/wp-json\/wp\/v2\/media?parent=21132"}],"wp:term":[{"taxonomy":"series","embeddable":true,"href":"https:\/\/mobecor.ee\/en\/wp-json\/wp\/v2\/series?post=21132"},{"taxonomy":"product_brand","embeddable":true,"href":"https:\/\/mobecor.ee\/en\/wp-json\/wp\/v2\/product_brand?post=21132"},{"taxonomy":"product_cat","embeddable":true,"href":"https:\/\/mobecor.ee\/en\/wp-json\/wp\/v2\/product_cat?post=21132"},{"taxonomy":"product_tag","embeddable":true,"href":"https:\/\/mobecor.ee\/en\/wp-json\/wp\/v2\/product_tag?post=21132"}],"curies":[{"name":"wp","href":"https:\/\/api.w.org\/{rel}","templated":true}]}}