{"id":21136,"date":"2025-05-05T11:31:39","date_gmt":"2025-05-05T11:31:39","guid":{"rendered":"https:\/\/mobecor.ee\/?post_type=product&#038;p=21136"},"modified":"2025-09-26T09:20:26","modified_gmt":"2025-09-26T06:20:26","slug":"riidekapp-moet-70-84-cm","status":"publish","type":"product","link":"https:\/\/mobecor.ee\/en\/toode\/riidekapp-moet-70-84-cm\/","title":{"rendered":"Riidekapp Moet 70 (84\/60\/200)"},"content":{"rendered":"<p><span style=\"font-size: 10pt;\">Riidekapil\u00a0on 2 ust. \u00dcks uks on peegliga.<br \/>\n<\/span><span style=\"font-size: 10pt;\">Uste taga on m\u00fctsiriiul, riidepuutoru ja 1 lisariiul kapi alumises osas.<br \/>\n<\/span><span style=\"font-size: 10pt;\">Esipind: PVC fooliumiga kaetud MDF m\u00f6\u00f6bliplaat.<br \/>\n<\/span><span style=\"font-size: 10pt;\">Korpus: puitu meenutava dekooriga lamineeritud m\u00f6\u00f6bliplaat.<br \/>\n<\/span><span style=\"font-size: 10pt;\">V\u00e4rv: Ameerika p\u00e4hkel\/valge matt\/grafiithall matt.<br \/>\n<\/span><span style=\"font-size: 10pt;\">K\u00e4epidemed: metallist, a\u017euursed, v\u00e4rv &#8211; grafiithall matt.<br \/>\n<\/span><span style=\"font-size: 10pt;\">Jalad: k\u00f5rgus 12 cm, v\u00e4rvus &#8211; grafiithall matt.<br \/>\n<\/span><span style=\"font-size: 10pt;\">Toode tarnitakse detailidena.<br \/>\n<\/span><span style=\"font-size: 10pt;\">Toodetud: Poolas.<br \/>\n<\/span><\/p>\n","protected":false},"excerpt":{"rendered":"<p><span style=\"font-size: 10pt;\">Laius: 84 cm.<br \/>\n<\/span><span style=\"font-size: 10pt;\">S\u00fcgavus:\u00a060 cm.<br \/>\n<\/span><span style=\"font-size: 10pt;\">K\u00f5rgus:\u00a0200 cm.<br \/>\n<\/span><span style=\"font-size: 10pt;\">Tarneaeg: 4-8 n\u00e4dalat.<\/span><\/p>\n","protected":false},"featured_media":10470,"template":"","meta":{"_acf_changed":false,"inline_featured_image":false},"series":[2792],"product_brand":[2941],"product_cat":[327],"product_tag":[],"class_list":{"0":"post-21136","1":"product","2":"type-product","3":"status-publish","4":"has-post-thumbnail","6":"series-moet","7":"product_brand-szynaka","8":"product_cat-2-uksega-kapid","10":"first","11":"instock","12":"taxable","13":"shipping-taxable","14":"purchasable","15":"product-type-simple"},"acf":[],"_links":{"self":[{"href":"https:\/\/mobecor.ee\/en\/wp-json\/wp\/v2\/product\/21136","targetHints":{"allow":["GET"]}}],"collection":[{"href":"https:\/\/mobecor.ee\/en\/wp-json\/wp\/v2\/product"}],"about":[{"href":"https:\/\/mobecor.ee\/en\/wp-json\/wp\/v2\/types\/product"}],"wp:featuredmedia":[{"embeddable":true,"href":"https:\/\/mobecor.ee\/en\/wp-json\/wp\/v2\/media\/10470"}],"wp:attachment":[{"href":"https:\/\/mobecor.ee\/en\/wp-json\/wp\/v2\/media?parent=21136"}],"wp:term":[{"taxonomy":"series","embeddable":true,"href":"https:\/\/mobecor.ee\/en\/wp-json\/wp\/v2\/series?post=21136"},{"taxonomy":"product_brand","embeddable":true,"href":"https:\/\/mobecor.ee\/en\/wp-json\/wp\/v2\/product_brand?post=21136"},{"taxonomy":"product_cat","embeddable":true,"href":"https:\/\/mobecor.ee\/en\/wp-json\/wp\/v2\/product_cat?post=21136"},{"taxonomy":"product_tag","embeddable":true,"href":"https:\/\/mobecor.ee\/en\/wp-json\/wp\/v2\/product_tag?post=21136"}],"curies":[{"name":"wp","href":"https:\/\/api.w.org\/{rel}","templated":true}]}}