{"id":21161,"date":"2025-05-05T11:32:26","date_gmt":"2025-05-05T11:32:26","guid":{"rendered":"https:\/\/mobecor.ee\/?post_type=product&#038;p=21161"},"modified":"2026-03-12T12:19:28","modified_gmt":"2026-03-12T10:19:28","slug":"padi-memory-classic","status":"publish","type":"product","link":"https:\/\/mobecor.ee\/en\/toode\/padi-memory-classic\/","title":{"rendered":"Padi Memory Classic"},"content":{"rendered":"<p>Memory Classic on klassikalise kujuga padi.<br \/>\nSee on ideaalne\u00a0padi igas asendis magamiseks, kuid eriti hea inimesele, kes armastab magada k\u00fclili.<br \/>\nPadja t\u00e4idismaterjaliks on Aircell memory foam.<br \/>\nAircell memory foam on oma omadustelt \u00fcks populaarsemaid ja uuenduslikumaid vahuliike, mille\u00a0teeb ainulaadseks selle &#8220;aeglase taastumise&#8221; efekt (aeglane taastumine p\u00e4rast survet). M\u00e4luvaht kohaneb suurep\u00e4raselt\u00a0keha kontuuride, kaalu ja temperatuuriga. K\u00f5ik need omadused v\u00e4hendavad liigutuste edasikandumist une ajal. M\u00e4luvaht pakub ideaalselt mugavustunnet. Samuti on t\u00f5estatud, et see parandab une ajal vereringet.<span style=\"font-size: 10pt;\"><br \/>\n<\/span><\/p>\n","protected":false},"excerpt":{"rendered":"<p>Padja k\u00f5rgus: 12 cm.<br \/>\nLaius:\u00a060 cm.<br \/>\nS\u00fcgavus: 40 cm.<br \/>\nTarneaeg: kuni\u00a04 n\u00e4dalat.<\/p>\n","protected":false},"featured_media":10320,"template":"","meta":{"_acf_changed":false,"inline_featured_image":false},"series":[],"product_brand":[2858],"product_cat":[413],"product_tag":[],"class_list":{"0":"post-21161","1":"product","2":"type-product","3":"status-publish","4":"has-post-thumbnail","6":"product_brand-sendeko","7":"product_cat-sendeko-padjad","9":"first","10":"instock","11":"taxable","12":"shipping-taxable","13":"purchasable","14":"product-type-simple"},"acf":[],"_links":{"self":[{"href":"https:\/\/mobecor.ee\/en\/wp-json\/wp\/v2\/product\/21161","targetHints":{"allow":["GET"]}}],"collection":[{"href":"https:\/\/mobecor.ee\/en\/wp-json\/wp\/v2\/product"}],"about":[{"href":"https:\/\/mobecor.ee\/en\/wp-json\/wp\/v2\/types\/product"}],"wp:featuredmedia":[{"embeddable":true,"href":"https:\/\/mobecor.ee\/en\/wp-json\/wp\/v2\/media\/10320"}],"wp:attachment":[{"href":"https:\/\/mobecor.ee\/en\/wp-json\/wp\/v2\/media?parent=21161"}],"wp:term":[{"taxonomy":"series","embeddable":true,"href":"https:\/\/mobecor.ee\/en\/wp-json\/wp\/v2\/series?post=21161"},{"taxonomy":"product_brand","embeddable":true,"href":"https:\/\/mobecor.ee\/en\/wp-json\/wp\/v2\/product_brand?post=21161"},{"taxonomy":"product_cat","embeddable":true,"href":"https:\/\/mobecor.ee\/en\/wp-json\/wp\/v2\/product_cat?post=21161"},{"taxonomy":"product_tag","embeddable":true,"href":"https:\/\/mobecor.ee\/en\/wp-json\/wp\/v2\/product_tag?post=21161"}],"curies":[{"name":"wp","href":"https:\/\/api.w.org\/{rel}","templated":true}]}}