{"id":21163,"date":"2025-05-05T11:32:34","date_gmt":"2025-05-05T11:32:34","guid":{"rendered":"https:\/\/mobecor.ee\/?post_type=product&#038;p=21163"},"modified":"2026-03-12T12:19:09","modified_gmt":"2026-03-12T10:19:09","slug":"padi-memory-shredded","status":"publish","type":"product","link":"https:\/\/mobecor.ee\/en\/toode\/padi-memory-shredded\/","title":{"rendered":"Padi Memory Shredded"},"content":{"rendered":"<p>Memory Shredded on traditsiooniline padjat\u00fc\u00fcp.<br \/>\nPadja s\u00fcdamikus olevad m\u00e4luvahuhelbed hajutavad v\u00f5rdselt survet ja takistavad kriitiliste survepunktide teket, mis v\u00f5ivad p\u00f5hjustada valu ja j\u00e4ikust.<br \/>\nSamuti on sellisel s\u00fcdamikul parem \u00f5huringlus ja see tagab\u00a0pikaaegse\u00a0mugavuse.<br \/>\nSisemine kate on tepitud poroloonfooliumiga, mis pakub t\u00e4iendavat mugavust ja m\u00f5nusamat und.<br \/>\nPadja t\u00e4idismaterjaliks on Aircell memory foam.<br \/>\nAircell memory foam on oma omadustelt \u00fcks populaarsemaid ja uuenduslikumaid vahuliike, mille\u00a0teeb ainulaadseks selle &#8220;aeglase taastumise&#8221; efekt (aeglane taastumine p\u00e4rast survet). M\u00e4luvaht kohaneb suurep\u00e4raselt\u00a0keha kontuuride, kaalu ja temperatuuriga. K\u00f5ik need omadused v\u00e4hendavad liigutuste edasikandumist une ajal. M\u00e4luvaht pakub ideaalselt mugavustunnet. Samuti on t\u00f5estatud, et see parandab une ajal vereringet.<span style=\"font-size: 10pt;\"><br \/>\n<\/span><\/p>\n","protected":false},"excerpt":{"rendered":"<p>Padja k\u00f5rgus: 13 cm.<br \/>\nLaius:\u00a060 cm.<br \/>\nS\u00fcgavus: 40 cm.<br \/>\nTarneaeg: kuni\u00a04 n\u00e4dalat.<\/p>\n","protected":false},"featured_media":10324,"template":"","meta":{"_acf_changed":false,"inline_featured_image":false},"series":[],"product_brand":[2858],"product_cat":[413],"product_tag":[],"class_list":{"0":"post-21163","1":"product","2":"type-product","3":"status-publish","4":"has-post-thumbnail","6":"product_brand-sendeko","7":"product_cat-sendeko-padjad","9":"first","10":"instock","11":"taxable","12":"shipping-taxable","13":"purchasable","14":"product-type-simple"},"acf":[],"_links":{"self":[{"href":"https:\/\/mobecor.ee\/en\/wp-json\/wp\/v2\/product\/21163","targetHints":{"allow":["GET"]}}],"collection":[{"href":"https:\/\/mobecor.ee\/en\/wp-json\/wp\/v2\/product"}],"about":[{"href":"https:\/\/mobecor.ee\/en\/wp-json\/wp\/v2\/types\/product"}],"wp:featuredmedia":[{"embeddable":true,"href":"https:\/\/mobecor.ee\/en\/wp-json\/wp\/v2\/media\/10324"}],"wp:attachment":[{"href":"https:\/\/mobecor.ee\/en\/wp-json\/wp\/v2\/media?parent=21163"}],"wp:term":[{"taxonomy":"series","embeddable":true,"href":"https:\/\/mobecor.ee\/en\/wp-json\/wp\/v2\/series?post=21163"},{"taxonomy":"product_brand","embeddable":true,"href":"https:\/\/mobecor.ee\/en\/wp-json\/wp\/v2\/product_brand?post=21163"},{"taxonomy":"product_cat","embeddable":true,"href":"https:\/\/mobecor.ee\/en\/wp-json\/wp\/v2\/product_cat?post=21163"},{"taxonomy":"product_tag","embeddable":true,"href":"https:\/\/mobecor.ee\/en\/wp-json\/wp\/v2\/product_tag?post=21163"}],"curies":[{"name":"wp","href":"https:\/\/api.w.org\/{rel}","templated":true}]}}